{"id":4313,"date":"2024-08-06T16:37:43","date_gmt":"2024-08-06T14:37:43","guid":{"rendered":"https:\/\/tirelli.net\/reacondicionamiento-de-maquinaria\/"},"modified":"2025-01-21T12:46:41","modified_gmt":"2025-01-21T11:46:41","slug":"reacondicionamiento-de-maquinaria","status":"publish","type":"page","link":"https:\/\/tirelli.net\/es\/reacondicionamiento-de-maquinaria\/","title":{"rendered":"Reacondicionamiento de maquinaria"},"content":{"rendered":"\t\t<div data-elementor-type=\"wp-page\" data-elementor-id=\"4313\" class=\"elementor elementor-4313 elementor-1442\" data-elementor-post-type=\"page\">\n\t\t\t\t<div class=\"elementor-element elementor-element-672fb42 e-flex e-con-boxed e-con e-parent\" data-id=\"672fb42\" data-element_type=\"container\" data-e-type=\"container\">\n\t\t\t\t\t<div class=\"e-con-inner\">\n\t\t\t\t<div class=\"elementor-element elementor-element-131badf elementor-widget elementor-widget-text-editor\" data-id=\"131badf\" data-element_type=\"widget\" data-e-type=\"widget\" data-widget_type=\"text-editor.default\">\n\t\t\t\t<div class=\"elementor-widget-container\">\n\t\t\t\t\t\t\t\t\t<p>TIRELLI propone servicios de diagn\u00f3stico, acondicionamiento y modernizaci\u00f3n, servicios que comprenden intervenciones dirigidas a alargar el ciclo de vida e incrementar la productividad de maquinarias usadas o monobloc de ocasi\u00f3n para el llenado, el tapado y el etiquetado.<\/p>\n<p>La empresa se compromete a <strong>restablecer y actualizar los equipos<\/strong>, prolongando su vida \u00fatil y garantizando el cumplimiento con las normativas vigentes.<\/p>\n\t\t\t\t\t\t\t\t<\/div>\n\t\t\t\t<\/div>\n\t\t\t\t\t<\/div>\n\t\t\t\t<\/div>\n\t\t<div class=\"elementor-element elementor-element-1761f50 e-flex e-con-boxed e-con e-parent\" data-id=\"1761f50\" data-element_type=\"container\" data-e-type=\"container\">\n\t\t\t\t\t<div class=\"e-con-inner\">\n\t\t<div class=\"elementor-element elementor-element-b774d2e e-con-full e-flex elementor-invisible e-con e-child\" data-id=\"b774d2e\" data-element_type=\"container\" data-e-type=\"container\" data-settings=\"{&quot;background_background&quot;:&quot;classic&quot;,&quot;animation&quot;:&quot;fadeInUp&quot;}\">\n\t\t\t\t<div class=\"elementor-element elementor-element-ce1711f elementor-widget elementor-widget-heading\" data-id=\"ce1711f\" data-element_type=\"widget\" data-e-type=\"widget\" data-widget_type=\"heading.default\">\n\t\t\t\t<div class=\"elementor-widget-container\">\n\t\t\t\t\t<h2 class=\"elementor-heading-title elementor-size-default\">AUDITOR\u00cdA<\/h2>\t\t\t\t<\/div>\n\t\t\t\t<\/div>\n\t\t\t\t<div class=\"elementor-element elementor-element-dd4544b elementor-widget elementor-widget-text-editor\" data-id=\"dd4544b\" data-element_type=\"widget\" data-e-type=\"widget\" data-widget_type=\"text-editor.default\">\n\t\t\t\t<div class=\"elementor-widget-container\">\n\t\t\t\t\t\t\t\t\t<p>Se proponen <strong>auditor\u00edas directamente en el lugar para evaluar las condiciones de la m\u00e1quina e identificar posibles problemas<\/strong>, previniendo as\u00ed posibles aver\u00edas. Se realiza un control completo de la m\u00e1quina, proporcionando un reporte detallado con las recomendaciones para las intervenciones necesarias.<\/p>\n\t\t\t\t\t\t\t\t<\/div>\n\t\t\t\t<\/div>\n\t\t\t\t<\/div>\n\t\t<div class=\"elementor-element elementor-element-d83f3f0 e-con-full e-flex elementor-invisible e-con e-child\" data-id=\"d83f3f0\" data-element_type=\"container\" data-e-type=\"container\" data-settings=\"{&quot;background_background&quot;:&quot;classic&quot;,&quot;animation&quot;:&quot;fadeInUp&quot;}\">\n\t\t\t\t<div class=\"elementor-element elementor-element-29c02db elementor-widget elementor-widget-heading\" data-id=\"29c02db\" data-element_type=\"widget\" data-e-type=\"widget\" data-widget_type=\"heading.default\">\n\t\t\t\t<div class=\"elementor-widget-container\">\n\t\t\t\t\t<h2 class=\"elementor-heading-title elementor-size-default\">MODERNIZACI\u00d3N Y ACONDICIONAMIENTO<\/h2>\t\t\t\t<\/div>\n\t\t\t\t<\/div>\n\t\t\t\t<div class=\"elementor-element elementor-element-a8cd82b elementor-widget elementor-widget-text-editor\" data-id=\"a8cd82b\" data-element_type=\"widget\" data-e-type=\"widget\" data-widget_type=\"text-editor.default\">\n\t\t\t\t<div class=\"elementor-widget-container\">\n\t\t\t\t\t\t\t\t\t<p>Se interviene con acciones de modernizaci\u00f3n y acondicionamiento sustituyendo los componentes electr\u00f3nicos y mec\u00e1nicos, que despu\u00e9s de a\u00f1os pueden volverse obsoletos. No s\u00f3lo se restablece el rendimiento de la m\u00e1quina, sino que se mejora respecto a los niveles originales.<\/p>\n<p>La modernizaci\u00f3n incluye una serie de actividades fundamentales para la revisi\u00f3n mec\u00e1nica completa de la m\u00e1quina, que comprenden<strong> el desmontaje, la limpieza, los controles y la sustituci\u00f3n de los componentes desgastados por piezas nuevas.<\/strong><\/p>\n\t\t\t\t\t\t\t\t<\/div>\n\t\t\t\t<\/div>\n\t\t\t\t<\/div>\n\t\t\t\t\t<\/div>\n\t\t\t\t<\/div>\n\t\t\t\t<\/div>\n\t\t","protected":false},"excerpt":{"rendered":"<p>TIRELLI propone servicios de diagn\u00f3stico, acondicionamiento y modernizaci\u00f3n, servicios que comprenden intervenciones dirigidas a alargar el ciclo de vida e incrementar la productividad de maquinarias usadas o monobloc de ocasi\u00f3n para el llenado, el tapado y el etiquetado. La empresa se compromete a restablecer y actualizar los equipos, prolongando su vida \u00fatil y garantizando el [&hellip;]<\/p>\n","protected":false},"author":1,"featured_media":4314,"parent":0,"menu_order":0,"comment_status":"closed","ping_status":"closed","template":"","meta":{"_acf_changed":false,"footnotes":""},"class_list":["post-4313","page","type-page","status-publish","has-post-thumbnail","hentry"],"acf":[],"yoast_head":"<!-- This site is optimized with the Yoast SEO plugin v27.4 - https:\/\/yoast.com\/product\/yoast-seo-wordpress\/ -->\n<title>Servicios de diagn\u00f3stico, retrofitting y revamping TIRELLI<\/title>\n<meta name=\"description\" content=\"Servicios de diagn\u00f3stico, retrofitting y revamping para prolongar la vida \u00fatil y mejorar la productividad de m\u00e1quinas de llenado, taponado y etiquetado.\" \/>\n<meta name=\"robots\" content=\"index, follow, max-snippet:-1, max-image-preview:large, max-video-preview:-1\" \/>\n<link rel=\"canonical\" href=\"https:\/\/tirelli.net\/es\/reacondicionamiento-de-maquinaria\/\" \/>\n<meta property=\"og:locale\" content=\"es_ES\" \/>\n<meta property=\"og:type\" content=\"article\" \/>\n<meta property=\"og:title\" content=\"Servicios de diagn\u00f3stico, retrofitting y revamping TIRELLI\" \/>\n<meta property=\"og:description\" content=\"Servicios de diagn\u00f3stico, retrofitting y revamping para prolongar la vida \u00fatil y mejorar la productividad de m\u00e1quinas de llenado, taponado y etiquetado.\" \/>\n<meta property=\"og:url\" content=\"https:\/\/tirelli.net\/es\/reacondicionamiento-de-maquinaria\/\" \/>\n<meta property=\"og:site_name\" content=\"TIRELLI\" \/>\n<meta property=\"article:modified_time\" content=\"2025-01-21T11:46:41+00:00\" \/>\n<meta property=\"og:image\" content=\"https:\/\/tirelli.net\/wp-content\/uploads\/2024\/08\/monoblocco-sigma-dettagli-2.webp\" \/>\n\t<meta property=\"og:image:width\" content=\"1920\" \/>\n\t<meta property=\"og:image:height\" content=\"1080\" \/>\n\t<meta property=\"og:image:type\" content=\"image\/webp\" \/>\n<meta name=\"twitter:card\" content=\"summary_large_image\" \/>\n<meta name=\"twitter:label1\" content=\"Tiempo de lectura\" \/>\n\t<meta name=\"twitter:data1\" content=\"1 minuto\" \/>\n<script type=\"application\/ld+json\" class=\"yoast-schema-graph\">{\"@context\":\"https:\\\/\\\/schema.org\",\"@graph\":[{\"@type\":\"WebPage\",\"@id\":\"https:\\\/\\\/tirelli.net\\\/es\\\/reacondicionamiento-de-maquinaria\\\/\",\"url\":\"https:\\\/\\\/tirelli.net\\\/es\\\/reacondicionamiento-de-maquinaria\\\/\",\"name\":\"Servicios de diagn\u00f3stico, retrofitting y revamping TIRELLI\",\"isPartOf\":{\"@id\":\"https:\\\/\\\/tirelli.net\\\/es\\\/#website\"},\"primaryImageOfPage\":{\"@id\":\"https:\\\/\\\/tirelli.net\\\/es\\\/reacondicionamiento-de-maquinaria\\\/#primaryimage\"},\"image\":{\"@id\":\"https:\\\/\\\/tirelli.net\\\/es\\\/reacondicionamiento-de-maquinaria\\\/#primaryimage\"},\"thumbnailUrl\":\"https:\\\/\\\/tirelli.net\\\/wp-content\\\/uploads\\\/2024\\\/08\\\/monoblocco-sigma-dettagli-2.webp\",\"datePublished\":\"2024-08-06T14:37:43+00:00\",\"dateModified\":\"2025-01-21T11:46:41+00:00\",\"description\":\"Servicios de diagn\u00f3stico, retrofitting y revamping para prolongar la vida \u00fatil y mejorar la productividad de m\u00e1quinas de llenado, taponado y etiquetado.\",\"breadcrumb\":{\"@id\":\"https:\\\/\\\/tirelli.net\\\/es\\\/reacondicionamiento-de-maquinaria\\\/#breadcrumb\"},\"inLanguage\":\"es\",\"potentialAction\":[{\"@type\":\"ReadAction\",\"target\":[\"https:\\\/\\\/tirelli.net\\\/es\\\/reacondicionamiento-de-maquinaria\\\/\"]}]},{\"@type\":\"ImageObject\",\"inLanguage\":\"es\",\"@id\":\"https:\\\/\\\/tirelli.net\\\/es\\\/reacondicionamiento-de-maquinaria\\\/#primaryimage\",\"url\":\"https:\\\/\\\/tirelli.net\\\/wp-content\\\/uploads\\\/2024\\\/08\\\/monoblocco-sigma-dettagli-2.webp\",\"contentUrl\":\"https:\\\/\\\/tirelli.net\\\/wp-content\\\/uploads\\\/2024\\\/08\\\/monoblocco-sigma-dettagli-2.webp\",\"width\":1920,\"height\":1080,\"caption\":\"Monoblocco Sigma dettaglio\"},{\"@type\":\"BreadcrumbList\",\"@id\":\"https:\\\/\\\/tirelli.net\\\/es\\\/reacondicionamiento-de-maquinaria\\\/#breadcrumb\",\"itemListElement\":[{\"@type\":\"ListItem\",\"position\":1,\"name\":\"Home\",\"item\":\"https:\\\/\\\/tirelli.net\\\/es\\\/\"},{\"@type\":\"ListItem\",\"position\":2,\"name\":\"Reacondicionamiento de maquinaria\"}]},{\"@type\":\"WebSite\",\"@id\":\"https:\\\/\\\/tirelli.net\\\/es\\\/#website\",\"url\":\"https:\\\/\\\/tirelli.net\\\/es\\\/\",\"name\":\"TIRELLI\",\"description\":\"Cosmetic and personal care packaging equipment specialist\",\"publisher\":{\"@id\":\"https:\\\/\\\/tirelli.net\\\/es\\\/#organization\"},\"potentialAction\":[{\"@type\":\"SearchAction\",\"target\":{\"@type\":\"EntryPoint\",\"urlTemplate\":\"https:\\\/\\\/tirelli.net\\\/es\\\/?s={search_term_string}\"},\"query-input\":{\"@type\":\"PropertyValueSpecification\",\"valueRequired\":true,\"valueName\":\"search_term_string\"}}],\"inLanguage\":\"es\"},{\"@type\":\"Organization\",\"@id\":\"https:\\\/\\\/tirelli.net\\\/es\\\/#organization\",\"name\":\"TIRELLI\",\"alternateName\":\"Customised Packaging Lines\",\"url\":\"https:\\\/\\\/tirelli.net\\\/es\\\/\",\"logo\":{\"@type\":\"ImageObject\",\"inLanguage\":\"es\",\"@id\":\"https:\\\/\\\/tirelli.net\\\/es\\\/#\\\/schema\\\/logo\\\/image\\\/\",\"url\":\"https:\\\/\\\/tirelli.net\\\/wp-content\\\/uploads\\\/2024\\\/07\\\/favicon.png\",\"contentUrl\":\"https:\\\/\\\/tirelli.net\\\/wp-content\\\/uploads\\\/2024\\\/07\\\/favicon.png\",\"width\":512,\"height\":512,\"caption\":\"TIRELLI\"},\"image\":{\"@id\":\"https:\\\/\\\/tirelli.net\\\/es\\\/#\\\/schema\\\/logo\\\/image\\\/\"}}]}<\/script>\n<!-- \/ Yoast SEO plugin. -->","yoast_head_json":{"title":"Servicios de diagn\u00f3stico, retrofitting y revamping TIRELLI","description":"Servicios de diagn\u00f3stico, retrofitting y revamping para prolongar la vida \u00fatil y mejorar la productividad de m\u00e1quinas de llenado, taponado y etiquetado.","robots":{"index":"index","follow":"follow","max-snippet":"max-snippet:-1","max-image-preview":"max-image-preview:large","max-video-preview":"max-video-preview:-1"},"canonical":"https:\/\/tirelli.net\/es\/reacondicionamiento-de-maquinaria\/","og_locale":"es_ES","og_type":"article","og_title":"Servicios de diagn\u00f3stico, retrofitting y revamping TIRELLI","og_description":"Servicios de diagn\u00f3stico, retrofitting y revamping para prolongar la vida \u00fatil y mejorar la productividad de m\u00e1quinas de llenado, taponado y etiquetado.","og_url":"https:\/\/tirelli.net\/es\/reacondicionamiento-de-maquinaria\/","og_site_name":"TIRELLI","article_modified_time":"2025-01-21T11:46:41+00:00","og_image":[{"width":1920,"height":1080,"url":"https:\/\/tirelli.net\/wp-content\/uploads\/2024\/08\/monoblocco-sigma-dettagli-2.webp","type":"image\/webp"}],"twitter_card":"summary_large_image","twitter_misc":{"Tiempo de lectura":"1 minuto"},"schema":{"@context":"https:\/\/schema.org","@graph":[{"@type":"WebPage","@id":"https:\/\/tirelli.net\/es\/reacondicionamiento-de-maquinaria\/","url":"https:\/\/tirelli.net\/es\/reacondicionamiento-de-maquinaria\/","name":"Servicios de diagn\u00f3stico, retrofitting y revamping TIRELLI","isPartOf":{"@id":"https:\/\/tirelli.net\/es\/#website"},"primaryImageOfPage":{"@id":"https:\/\/tirelli.net\/es\/reacondicionamiento-de-maquinaria\/#primaryimage"},"image":{"@id":"https:\/\/tirelli.net\/es\/reacondicionamiento-de-maquinaria\/#primaryimage"},"thumbnailUrl":"https:\/\/tirelli.net\/wp-content\/uploads\/2024\/08\/monoblocco-sigma-dettagli-2.webp","datePublished":"2024-08-06T14:37:43+00:00","dateModified":"2025-01-21T11:46:41+00:00","description":"Servicios de diagn\u00f3stico, retrofitting y revamping para prolongar la vida \u00fatil y mejorar la productividad de m\u00e1quinas de llenado, taponado y etiquetado.","breadcrumb":{"@id":"https:\/\/tirelli.net\/es\/reacondicionamiento-de-maquinaria\/#breadcrumb"},"inLanguage":"es","potentialAction":[{"@type":"ReadAction","target":["https:\/\/tirelli.net\/es\/reacondicionamiento-de-maquinaria\/"]}]},{"@type":"ImageObject","inLanguage":"es","@id":"https:\/\/tirelli.net\/es\/reacondicionamiento-de-maquinaria\/#primaryimage","url":"https:\/\/tirelli.net\/wp-content\/uploads\/2024\/08\/monoblocco-sigma-dettagli-2.webp","contentUrl":"https:\/\/tirelli.net\/wp-content\/uploads\/2024\/08\/monoblocco-sigma-dettagli-2.webp","width":1920,"height":1080,"caption":"Monoblocco Sigma dettaglio"},{"@type":"BreadcrumbList","@id":"https:\/\/tirelli.net\/es\/reacondicionamiento-de-maquinaria\/#breadcrumb","itemListElement":[{"@type":"ListItem","position":1,"name":"Home","item":"https:\/\/tirelli.net\/es\/"},{"@type":"ListItem","position":2,"name":"Reacondicionamiento de maquinaria"}]},{"@type":"WebSite","@id":"https:\/\/tirelli.net\/es\/#website","url":"https:\/\/tirelli.net\/es\/","name":"TIRELLI","description":"Cosmetic and personal care packaging equipment specialist","publisher":{"@id":"https:\/\/tirelli.net\/es\/#organization"},"potentialAction":[{"@type":"SearchAction","target":{"@type":"EntryPoint","urlTemplate":"https:\/\/tirelli.net\/es\/?s={search_term_string}"},"query-input":{"@type":"PropertyValueSpecification","valueRequired":true,"valueName":"search_term_string"}}],"inLanguage":"es"},{"@type":"Organization","@id":"https:\/\/tirelli.net\/es\/#organization","name":"TIRELLI","alternateName":"Customised Packaging Lines","url":"https:\/\/tirelli.net\/es\/","logo":{"@type":"ImageObject","inLanguage":"es","@id":"https:\/\/tirelli.net\/es\/#\/schema\/logo\/image\/","url":"https:\/\/tirelli.net\/wp-content\/uploads\/2024\/07\/favicon.png","contentUrl":"https:\/\/tirelli.net\/wp-content\/uploads\/2024\/07\/favicon.png","width":512,"height":512,"caption":"TIRELLI"},"image":{"@id":"https:\/\/tirelli.net\/es\/#\/schema\/logo\/image\/"}}]}},"_links":{"self":[{"href":"https:\/\/tirelli.net\/es\/wp-json\/wp\/v2\/pages\/4313","targetHints":{"allow":["GET"]}}],"collection":[{"href":"https:\/\/tirelli.net\/es\/wp-json\/wp\/v2\/pages"}],"about":[{"href":"https:\/\/tirelli.net\/es\/wp-json\/wp\/v2\/types\/page"}],"author":[{"embeddable":true,"href":"https:\/\/tirelli.net\/es\/wp-json\/wp\/v2\/users\/1"}],"replies":[{"embeddable":true,"href":"https:\/\/tirelli.net\/es\/wp-json\/wp\/v2\/comments?post=4313"}],"version-history":[{"count":3,"href":"https:\/\/tirelli.net\/es\/wp-json\/wp\/v2\/pages\/4313\/revisions"}],"predecessor-version":[{"id":4712,"href":"https:\/\/tirelli.net\/es\/wp-json\/wp\/v2\/pages\/4313\/revisions\/4712"}],"wp:featuredmedia":[{"embeddable":true,"href":"https:\/\/tirelli.net\/es\/wp-json\/wp\/v2\/media\/4314"}],"wp:attachment":[{"href":"https:\/\/tirelli.net\/es\/wp-json\/wp\/v2\/media?parent=4313"}],"curies":[{"name":"wp","href":"https:\/\/api.w.org\/{rel}","templated":true}]}}