{"id":4316,"date":"2024-08-06T16:37:04","date_gmt":"2024-08-06T14:37:04","guid":{"rendered":"https:\/\/tirelli.net\/opciones-y-actualizaciones\/"},"modified":"2025-01-21T12:43:29","modified_gmt":"2025-01-21T11:43:29","slug":"opciones-y-actualizaciones","status":"publish","type":"page","link":"https:\/\/tirelli.net\/es\/opciones-y-actualizaciones\/","title":{"rendered":"Opciones y actualizaciones"},"content":{"rendered":"\t\t<div data-elementor-type=\"wp-page\" data-elementor-id=\"4316\" class=\"elementor elementor-4316 elementor-1436\" data-elementor-post-type=\"page\">\n\t\t\t\t<div class=\"elementor-element elementor-element-2501d8e1 e-flex e-con-boxed e-con e-parent\" data-id=\"2501d8e1\" data-element_type=\"container\" data-e-type=\"container\">\n\t\t\t\t\t<div class=\"e-con-inner\">\n\t\t\t\t<div class=\"elementor-element elementor-element-12a36f04 elementor-widget elementor-widget-text-editor\" data-id=\"12a36f04\" data-element_type=\"widget\" data-e-type=\"widget\" data-widget_type=\"text-editor.default\">\n\t\t\t\t<div class=\"elementor-widget-container\">\n\t\t\t\t\t\t\t\t\tTIRELLI dispone de una oficina completamente dedicada a <strong>las modificaciones y a<\/strong> <strong>los cambios de formato en las m\u00e1quinas existentes<\/strong>, donde los especialistas analizan los nuevos formatos que el cliente desea procesar, estudiando las piezas especiales capaces de gestionar inclusive las formas m\u00e1s complejas.\r\n\r\nTIRELLI propone sistemas <strong>para la mejora de la eficiencia de l\u00ednea y la optimizaci\u00f3n de los consumos energ\u00e9ticos, sistemas de alimentaci\u00f3n autom\u00e1tica para el aumento de la velocidad y la reducci\u00f3n de la mano de obra, sistemas de seguridad y de recogida de datos.<\/strong>\r\nEl punto fuerte es la renovaci\u00f3n de m\u00e1quinas obsoletas, con la integraci\u00f3n de nuevas tecnolog\u00edas de vanguardia. Cada soluci\u00f3n se desarrolla en continuo di\u00e1logo con el cliente, con profesionales capaces de guiarlo hacia la mejor y m\u00e1s adecuada soluci\u00f3n de sus necesidades.\r\n\r\nTodas las mejoras en las m\u00e1quinas de TIRELLI se estudian con <strong>el objetivo de buscar siempre la mejora tecnol\u00f3gica<\/strong>, hacer la instalaci\u00f3n siempre m\u00e1s f\u00e1cil y alcanzar rendimiento con una calidad cada vez m\u00e1s alta de las m\u00e1quinas.\t\t\t\t\t\t\t\t<\/div>\n\t\t\t\t<\/div>\n\t\t\t\t\t<\/div>\n\t\t\t\t<\/div>\n\t\t<div class=\"elementor-element elementor-element-3419e98 e-flex e-con-boxed e-con e-parent\" data-id=\"3419e98\" data-element_type=\"container\" data-e-type=\"container\">\n\t\t\t\t\t<div class=\"e-con-inner\">\n\t\t<div class=\"elementor-element elementor-element-204a4cf e-con-full e-flex e-con e-child\" data-id=\"204a4cf\" data-element_type=\"container\" data-e-type=\"container\">\n\t\t\t\t<div class=\"elementor-element elementor-element-ea3593e elementor-widget elementor-widget-heading\" data-id=\"ea3593e\" data-element_type=\"widget\" data-e-type=\"widget\" data-widget_type=\"heading.default\">\n\t\t\t\t<div class=\"elementor-widget-container\">\n\t\t\t\t\t<div class=\"elementor-heading-title elementor-size-default\">Cont\u00e1ctenos:<\/div>\t\t\t\t<\/div>\n\t\t\t\t<\/div>\n\t\t\t\t<div class=\"elementor-element elementor-element-91bc9eb elementor-icon-list--layout-inline elementor-list-item-link-full_width elementor-widget elementor-widget-icon-list\" data-id=\"91bc9eb\" data-element_type=\"widget\" data-e-type=\"widget\" data-widget_type=\"icon-list.default\">\n\t\t\t\t<div class=\"elementor-widget-container\">\n\t\t\t\t\t\t\t<ul class=\"elementor-icon-list-items elementor-inline-items\">\n\t\t\t\t\t\t\t<li class=\"elementor-icon-list-item elementor-inline-item\">\n\t\t\t\t\t\t\t\t\t\t\t<a href=\"tel:+390376396820%20\" target=\"_blank\">\n\n\t\t\t\t\t\t\t\t\t\t\t\t<span class=\"elementor-icon-list-icon\">\n\t\t\t\t\t\t\t<svg aria-hidden=\"true\" class=\"e-font-icon-svg e-fas-phone\" viewBox=\"0 0 512 512\" xmlns=\"http:\/\/www.w3.org\/2000\/svg\"><path d=\"M493.4 24.6l-104-24c-11.3-2.6-22.9 3.3-27.5 13.9l-48 112c-4.2 9.8-1.4 21.3 6.9 28l60.6 49.6c-36 76.7-98.9 140.5-177.2 177.2l-49.6-60.6c-6.8-8.3-18.2-11.1-28-6.9l-112 48C3.9 366.5-2 378.1.6 389.4l24 104C27.1 504.2 36.7 512 48 512c256.1 0 464-207.5 464-464 0-11.2-7.7-20.9-18.6-23.4z\"><\/path><\/svg>\t\t\t\t\t\t<\/span>\n\t\t\t\t\t\t\t\t\t\t<span class=\"elementor-icon-list-text\">+39 0376 396820<\/span>\n\t\t\t\t\t\t\t\t\t\t\t<\/a>\n\t\t\t\t\t\t\t\t\t<\/li>\n\t\t\t\t\t\t\t\t<li class=\"elementor-icon-list-item elementor-inline-item\">\n\t\t\t\t\t\t\t\t\t\t\t<a href=\"mailto:options.upgrades@tirelli.net\" target=\"_blank\">\n\n\t\t\t\t\t\t\t\t\t\t\t\t<span class=\"elementor-icon-list-icon\">\n\t\t\t\t\t\t\t<svg aria-hidden=\"true\" class=\"e-font-icon-svg e-far-paper-plane\" viewBox=\"0 0 512 512\" xmlns=\"http:\/\/www.w3.org\/2000\/svg\"><path d=\"M440 6.5L24 246.4c-34.4 19.9-31.1 70.8 5.7 85.9L144 379.6V464c0 46.4 59.2 65.5 86.6 28.6l43.8-59.1 111.9 46.2c5.9 2.4 12.1 3.6 18.3 3.6 8.2 0 16.3-2.1 23.6-6.2 12.8-7.2 21.6-20 23.9-34.5l59.4-387.2c6.1-40.1-36.9-68.8-71.5-48.9zM192 464v-64.6l36.6 15.1L192 464zm212.6-28.7l-153.8-63.5L391 169.5c10.7-15.5-9.5-33.5-23.7-21.2L155.8 332.6 48 288 464 48l-59.4 387.3z\"><\/path><\/svg>\t\t\t\t\t\t<\/span>\n\t\t\t\t\t\t\t\t\t\t<span class=\"elementor-icon-list-text\">options.upgrades@tirelli.net<\/span>\n\t\t\t\t\t\t\t\t\t\t\t<\/a>\n\t\t\t\t\t\t\t\t\t<\/li>\n\t\t\t\t\t\t<\/ul>\n\t\t\t\t\t\t<\/div>\n\t\t\t\t<\/div>\n\t\t\t\t<\/div>\n\t\t\t\t\t<\/div>\n\t\t\t\t<\/div>\n\t\t\t\t<\/div>\n\t\t","protected":false},"excerpt":{"rendered":"<p>TIRELLI dispone de una oficina completamente dedicada a las modificaciones y a los cambios de formato en las m\u00e1quinas existentes, donde los especialistas analizan los nuevos formatos que el cliente desea procesar, estudiando las piezas especiales capaces de gestionar inclusive las formas m\u00e1s complejas. TIRELLI propone sistemas para la mejora de la eficiencia de l\u00ednea [&hellip;]<\/p>\n","protected":false},"author":1,"featured_media":4317,"parent":0,"menu_order":0,"comment_status":"closed","ping_status":"closed","template":"","meta":{"_acf_changed":false,"footnotes":""},"class_list":["post-4316","page","type-page","status-publish","has-post-thumbnail","hentry"],"acf":[],"yoast_head":"<!-- This site is optimized with the Yoast SEO plugin v27.4 - https:\/\/yoast.com\/product\/yoast-seo-wordpress\/ -->\n<title>Opciones y actualizaciones TIRELLI<\/title>\n<meta name=\"description\" content=\"TIRELLI ofrece adaptaciones personalizadas para m\u00e1quinas, mejorando la eficiencia y la seguridad, y actualizando tecnolog\u00edas obsoletas con los clientes.\" \/>\n<meta name=\"robots\" content=\"index, follow, max-snippet:-1, max-image-preview:large, max-video-preview:-1\" \/>\n<link rel=\"canonical\" href=\"https:\/\/tirelli.net\/es\/opciones-y-actualizaciones\/\" \/>\n<meta property=\"og:locale\" content=\"es_ES\" \/>\n<meta property=\"og:type\" content=\"article\" \/>\n<meta property=\"og:title\" content=\"Opciones y actualizaciones TIRELLI\" \/>\n<meta property=\"og:description\" content=\"TIRELLI ofrece adaptaciones personalizadas para m\u00e1quinas, mejorando la eficiencia y la seguridad, y actualizando tecnolog\u00edas obsoletas con los clientes.\" \/>\n<meta property=\"og:url\" content=\"https:\/\/tirelli.net\/es\/opciones-y-actualizaciones\/\" \/>\n<meta property=\"og:site_name\" content=\"TIRELLI\" \/>\n<meta property=\"article:modified_time\" content=\"2025-01-21T11:43:29+00:00\" \/>\n<meta property=\"og:image\" content=\"https:\/\/tirelli.net\/wp-content\/uploads\/2024\/09\/tirelli-img-option-upgrades.webp\" \/>\n\t<meta property=\"og:image:width\" content=\"1800\" \/>\n\t<meta property=\"og:image:height\" content=\"1013\" \/>\n\t<meta property=\"og:image:type\" content=\"image\/webp\" \/>\n<meta name=\"twitter:card\" content=\"summary_large_image\" \/>\n<meta name=\"twitter:label1\" content=\"Tiempo de lectura\" \/>\n\t<meta name=\"twitter:data1\" content=\"1 minuto\" \/>\n<script type=\"application\/ld+json\" class=\"yoast-schema-graph\">{\"@context\":\"https:\\\/\\\/schema.org\",\"@graph\":[{\"@type\":\"WebPage\",\"@id\":\"https:\\\/\\\/tirelli.net\\\/es\\\/opciones-y-actualizaciones\\\/\",\"url\":\"https:\\\/\\\/tirelli.net\\\/es\\\/opciones-y-actualizaciones\\\/\",\"name\":\"Opciones y actualizaciones TIRELLI\",\"isPartOf\":{\"@id\":\"https:\\\/\\\/tirelli.net\\\/es\\\/#website\"},\"primaryImageOfPage\":{\"@id\":\"https:\\\/\\\/tirelli.net\\\/es\\\/opciones-y-actualizaciones\\\/#primaryimage\"},\"image\":{\"@id\":\"https:\\\/\\\/tirelli.net\\\/es\\\/opciones-y-actualizaciones\\\/#primaryimage\"},\"thumbnailUrl\":\"https:\\\/\\\/tirelli.net\\\/wp-content\\\/uploads\\\/2024\\\/09\\\/tirelli-img-option-upgrades.webp\",\"datePublished\":\"2024-08-06T14:37:04+00:00\",\"dateModified\":\"2025-01-21T11:43:29+00:00\",\"description\":\"TIRELLI ofrece adaptaciones personalizadas para m\u00e1quinas, mejorando la eficiencia y la seguridad, y actualizando tecnolog\u00edas obsoletas con los clientes.\",\"breadcrumb\":{\"@id\":\"https:\\\/\\\/tirelli.net\\\/es\\\/opciones-y-actualizaciones\\\/#breadcrumb\"},\"inLanguage\":\"es\",\"potentialAction\":[{\"@type\":\"ReadAction\",\"target\":[\"https:\\\/\\\/tirelli.net\\\/es\\\/opciones-y-actualizaciones\\\/\"]}]},{\"@type\":\"ImageObject\",\"inLanguage\":\"es\",\"@id\":\"https:\\\/\\\/tirelli.net\\\/es\\\/opciones-y-actualizaciones\\\/#primaryimage\",\"url\":\"https:\\\/\\\/tirelli.net\\\/wp-content\\\/uploads\\\/2024\\\/09\\\/tirelli-img-option-upgrades.webp\",\"contentUrl\":\"https:\\\/\\\/tirelli.net\\\/wp-content\\\/uploads\\\/2024\\\/09\\\/tirelli-img-option-upgrades.webp\",\"width\":1800,\"height\":1013,\"caption\":\"Blowing and Rinsing Machines\"},{\"@type\":\"BreadcrumbList\",\"@id\":\"https:\\\/\\\/tirelli.net\\\/es\\\/opciones-y-actualizaciones\\\/#breadcrumb\",\"itemListElement\":[{\"@type\":\"ListItem\",\"position\":1,\"name\":\"Home\",\"item\":\"https:\\\/\\\/tirelli.net\\\/es\\\/\"},{\"@type\":\"ListItem\",\"position\":2,\"name\":\"Opciones y actualizaciones\"}]},{\"@type\":\"WebSite\",\"@id\":\"https:\\\/\\\/tirelli.net\\\/es\\\/#website\",\"url\":\"https:\\\/\\\/tirelli.net\\\/es\\\/\",\"name\":\"TIRELLI\",\"description\":\"Cosmetic and personal care packaging equipment specialist\",\"publisher\":{\"@id\":\"https:\\\/\\\/tirelli.net\\\/es\\\/#organization\"},\"potentialAction\":[{\"@type\":\"SearchAction\",\"target\":{\"@type\":\"EntryPoint\",\"urlTemplate\":\"https:\\\/\\\/tirelli.net\\\/es\\\/?s={search_term_string}\"},\"query-input\":{\"@type\":\"PropertyValueSpecification\",\"valueRequired\":true,\"valueName\":\"search_term_string\"}}],\"inLanguage\":\"es\"},{\"@type\":\"Organization\",\"@id\":\"https:\\\/\\\/tirelli.net\\\/es\\\/#organization\",\"name\":\"TIRELLI\",\"alternateName\":\"Customised Packaging Lines\",\"url\":\"https:\\\/\\\/tirelli.net\\\/es\\\/\",\"logo\":{\"@type\":\"ImageObject\",\"inLanguage\":\"es\",\"@id\":\"https:\\\/\\\/tirelli.net\\\/es\\\/#\\\/schema\\\/logo\\\/image\\\/\",\"url\":\"https:\\\/\\\/tirelli.net\\\/wp-content\\\/uploads\\\/2024\\\/07\\\/favicon.png\",\"contentUrl\":\"https:\\\/\\\/tirelli.net\\\/wp-content\\\/uploads\\\/2024\\\/07\\\/favicon.png\",\"width\":512,\"height\":512,\"caption\":\"TIRELLI\"},\"image\":{\"@id\":\"https:\\\/\\\/tirelli.net\\\/es\\\/#\\\/schema\\\/logo\\\/image\\\/\"}}]}<\/script>\n<!-- \/ Yoast SEO plugin. -->","yoast_head_json":{"title":"Opciones y actualizaciones TIRELLI","description":"TIRELLI ofrece adaptaciones personalizadas para m\u00e1quinas, mejorando la eficiencia y la seguridad, y actualizando tecnolog\u00edas obsoletas con los clientes.","robots":{"index":"index","follow":"follow","max-snippet":"max-snippet:-1","max-image-preview":"max-image-preview:large","max-video-preview":"max-video-preview:-1"},"canonical":"https:\/\/tirelli.net\/es\/opciones-y-actualizaciones\/","og_locale":"es_ES","og_type":"article","og_title":"Opciones y actualizaciones TIRELLI","og_description":"TIRELLI ofrece adaptaciones personalizadas para m\u00e1quinas, mejorando la eficiencia y la seguridad, y actualizando tecnolog\u00edas obsoletas con los clientes.","og_url":"https:\/\/tirelli.net\/es\/opciones-y-actualizaciones\/","og_site_name":"TIRELLI","article_modified_time":"2025-01-21T11:43:29+00:00","og_image":[{"width":1800,"height":1013,"url":"https:\/\/tirelli.net\/wp-content\/uploads\/2024\/09\/tirelli-img-option-upgrades.webp","type":"image\/webp"}],"twitter_card":"summary_large_image","twitter_misc":{"Tiempo de lectura":"1 minuto"},"schema":{"@context":"https:\/\/schema.org","@graph":[{"@type":"WebPage","@id":"https:\/\/tirelli.net\/es\/opciones-y-actualizaciones\/","url":"https:\/\/tirelli.net\/es\/opciones-y-actualizaciones\/","name":"Opciones y actualizaciones TIRELLI","isPartOf":{"@id":"https:\/\/tirelli.net\/es\/#website"},"primaryImageOfPage":{"@id":"https:\/\/tirelli.net\/es\/opciones-y-actualizaciones\/#primaryimage"},"image":{"@id":"https:\/\/tirelli.net\/es\/opciones-y-actualizaciones\/#primaryimage"},"thumbnailUrl":"https:\/\/tirelli.net\/wp-content\/uploads\/2024\/09\/tirelli-img-option-upgrades.webp","datePublished":"2024-08-06T14:37:04+00:00","dateModified":"2025-01-21T11:43:29+00:00","description":"TIRELLI ofrece adaptaciones personalizadas para m\u00e1quinas, mejorando la eficiencia y la seguridad, y actualizando tecnolog\u00edas obsoletas con los clientes.","breadcrumb":{"@id":"https:\/\/tirelli.net\/es\/opciones-y-actualizaciones\/#breadcrumb"},"inLanguage":"es","potentialAction":[{"@type":"ReadAction","target":["https:\/\/tirelli.net\/es\/opciones-y-actualizaciones\/"]}]},{"@type":"ImageObject","inLanguage":"es","@id":"https:\/\/tirelli.net\/es\/opciones-y-actualizaciones\/#primaryimage","url":"https:\/\/tirelli.net\/wp-content\/uploads\/2024\/09\/tirelli-img-option-upgrades.webp","contentUrl":"https:\/\/tirelli.net\/wp-content\/uploads\/2024\/09\/tirelli-img-option-upgrades.webp","width":1800,"height":1013,"caption":"Blowing and Rinsing Machines"},{"@type":"BreadcrumbList","@id":"https:\/\/tirelli.net\/es\/opciones-y-actualizaciones\/#breadcrumb","itemListElement":[{"@type":"ListItem","position":1,"name":"Home","item":"https:\/\/tirelli.net\/es\/"},{"@type":"ListItem","position":2,"name":"Opciones y actualizaciones"}]},{"@type":"WebSite","@id":"https:\/\/tirelli.net\/es\/#website","url":"https:\/\/tirelli.net\/es\/","name":"TIRELLI","description":"Cosmetic and personal care packaging equipment specialist","publisher":{"@id":"https:\/\/tirelli.net\/es\/#organization"},"potentialAction":[{"@type":"SearchAction","target":{"@type":"EntryPoint","urlTemplate":"https:\/\/tirelli.net\/es\/?s={search_term_string}"},"query-input":{"@type":"PropertyValueSpecification","valueRequired":true,"valueName":"search_term_string"}}],"inLanguage":"es"},{"@type":"Organization","@id":"https:\/\/tirelli.net\/es\/#organization","name":"TIRELLI","alternateName":"Customised Packaging Lines","url":"https:\/\/tirelli.net\/es\/","logo":{"@type":"ImageObject","inLanguage":"es","@id":"https:\/\/tirelli.net\/es\/#\/schema\/logo\/image\/","url":"https:\/\/tirelli.net\/wp-content\/uploads\/2024\/07\/favicon.png","contentUrl":"https:\/\/tirelli.net\/wp-content\/uploads\/2024\/07\/favicon.png","width":512,"height":512,"caption":"TIRELLI"},"image":{"@id":"https:\/\/tirelli.net\/es\/#\/schema\/logo\/image\/"}}]}},"_links":{"self":[{"href":"https:\/\/tirelli.net\/es\/wp-json\/wp\/v2\/pages\/4316","targetHints":{"allow":["GET"]}}],"collection":[{"href":"https:\/\/tirelli.net\/es\/wp-json\/wp\/v2\/pages"}],"about":[{"href":"https:\/\/tirelli.net\/es\/wp-json\/wp\/v2\/types\/page"}],"author":[{"embeddable":true,"href":"https:\/\/tirelli.net\/es\/wp-json\/wp\/v2\/users\/1"}],"replies":[{"embeddable":true,"href":"https:\/\/tirelli.net\/es\/wp-json\/wp\/v2\/comments?post=4316"}],"version-history":[{"count":1,"href":"https:\/\/tirelli.net\/es\/wp-json\/wp\/v2\/pages\/4316\/revisions"}],"predecessor-version":[{"id":4318,"href":"https:\/\/tirelli.net\/es\/wp-json\/wp\/v2\/pages\/4316\/revisions\/4318"}],"wp:featuredmedia":[{"embeddable":true,"href":"https:\/\/tirelli.net\/es\/wp-json\/wp\/v2\/media\/4317"}],"wp:attachment":[{"href":"https:\/\/tirelli.net\/es\/wp-json\/wp\/v2\/media?parent=4316"}],"curies":[{"name":"wp","href":"https:\/\/api.w.org\/{rel}","templated":true}]}}