{"id":4321,"date":"2024-08-06T16:37:21","date_gmt":"2024-08-06T14:37:21","guid":{"rendered":"https:\/\/tirelli.net\/mantenimiento-programado\/"},"modified":"2024-11-15T11:06:34","modified_gmt":"2024-11-15T10:06:34","slug":"mantenimiento-programado","status":"publish","type":"page","link":"https:\/\/tirelli.net\/es\/mantenimiento-programado\/","title":{"rendered":"Mantenimiento programado"},"content":{"rendered":"\n<h2 class=\"wp-block-heading\">MANTENIMIENTO PREDICTIVO E INDUSTRIA 4.0<\/h2>\n\n<p>Adem\u00e1s del mantenimiento ordinario y extraordinario, es posible solicitar intervenciones de mantenimiento anticipado para reducir el riesgo de problemas futuros.<\/p>\n\n<p>El <strong>mantenimiento<\/strong> <strong>predictivo<\/strong> tiene numerosos beneficios:<\/p>\n\n<ul class=\"wp-block-list\">\n<li>Previene las aver\u00edas de la m\u00e1quina<\/li>\n\n\n\n<li>Mejora la productividad reduciendo las paradas de la producci\u00f3n<\/li>\n\n\n\n<li>Permite una reparaci\u00f3n o sustituci\u00f3n a tiempo de la pieza individual, no de la m\u00e1quina<\/li>\n<\/ul>\n\n<p><\/p>\n","protected":false},"excerpt":{"rendered":"<p>MANTENIMIENTO PREDICTIVO E INDUSTRIA 4.0 Adem\u00e1s del mantenimiento ordinario y extraordinario, es posible solicitar intervenciones de mantenimiento anticipado para reducir el riesgo de problemas futuros. El mantenimiento predictivo tiene numerosos beneficios:<\/p>\n","protected":false},"author":1,"featured_media":4322,"parent":0,"menu_order":0,"comment_status":"closed","ping_status":"closed","template":"","meta":{"_acf_changed":false,"footnotes":""},"class_list":["post-4321","page","type-page","status-publish","has-post-thumbnail","hentry"],"acf":[],"yoast_head":"<!-- This site is optimized with the Yoast SEO plugin v27.4 - https:\/\/yoast.com\/product\/yoast-seo-wordpress\/ -->\n<title>Mantenimiento programado TIRELLI<\/title>\n<meta name=\"description\" content=\"Adem\u00e1s del mantenimiento ordinario y correctivo, los clientes pueden optar por el mantenimiento preventivo para minimizar el riesgo de problemas futuros.\" \/>\n<meta name=\"robots\" content=\"index, follow, max-snippet:-1, max-image-preview:large, max-video-preview:-1\" \/>\n<link rel=\"canonical\" href=\"https:\/\/tirelli.net\/es\/mantenimiento-programado\/\" \/>\n<meta property=\"og:locale\" content=\"es_ES\" \/>\n<meta property=\"og:type\" content=\"article\" \/>\n<meta property=\"og:title\" content=\"Mantenimiento programado TIRELLI\" \/>\n<meta property=\"og:description\" content=\"Adem\u00e1s del mantenimiento ordinario y correctivo, los clientes pueden optar por el mantenimiento preventivo para minimizar el riesgo de problemas futuros.\" \/>\n<meta property=\"og:url\" content=\"https:\/\/tirelli.net\/es\/mantenimiento-programado\/\" \/>\n<meta property=\"og:site_name\" content=\"TIRELLI\" \/>\n<meta property=\"article:modified_time\" content=\"2024-11-15T10:06:34+00:00\" \/>\n<meta property=\"og:image\" content=\"https:\/\/tirelli.net\/wp-content\/uploads\/2024\/09\/tirelli-img-scheduled-maintenance.webp\" \/>\n\t<meta property=\"og:image:width\" content=\"1800\" \/>\n\t<meta property=\"og:image:height\" content=\"1013\" \/>\n\t<meta property=\"og:image:type\" content=\"image\/webp\" \/>\n<meta name=\"twitter:card\" content=\"summary_large_image\" \/>\n<script type=\"application\/ld+json\" class=\"yoast-schema-graph\">{\"@context\":\"https:\\\/\\\/schema.org\",\"@graph\":[{\"@type\":\"WebPage\",\"@id\":\"https:\\\/\\\/tirelli.net\\\/es\\\/mantenimiento-programado\\\/\",\"url\":\"https:\\\/\\\/tirelli.net\\\/es\\\/mantenimiento-programado\\\/\",\"name\":\"Mantenimiento programado TIRELLI\",\"isPartOf\":{\"@id\":\"https:\\\/\\\/tirelli.net\\\/es\\\/#website\"},\"primaryImageOfPage\":{\"@id\":\"https:\\\/\\\/tirelli.net\\\/es\\\/mantenimiento-programado\\\/#primaryimage\"},\"image\":{\"@id\":\"https:\\\/\\\/tirelli.net\\\/es\\\/mantenimiento-programado\\\/#primaryimage\"},\"thumbnailUrl\":\"https:\\\/\\\/tirelli.net\\\/wp-content\\\/uploads\\\/2024\\\/09\\\/tirelli-img-scheduled-maintenance.webp\",\"datePublished\":\"2024-08-06T14:37:21+00:00\",\"dateModified\":\"2024-11-15T10:06:34+00:00\",\"description\":\"Adem\u00e1s del mantenimiento ordinario y correctivo, los clientes pueden optar por el mantenimiento preventivo para minimizar el riesgo de problemas futuros.\",\"breadcrumb\":{\"@id\":\"https:\\\/\\\/tirelli.net\\\/es\\\/mantenimiento-programado\\\/#breadcrumb\"},\"inLanguage\":\"es\",\"potentialAction\":[{\"@type\":\"ReadAction\",\"target\":[\"https:\\\/\\\/tirelli.net\\\/es\\\/mantenimiento-programado\\\/\"]}]},{\"@type\":\"ImageObject\",\"inLanguage\":\"es\",\"@id\":\"https:\\\/\\\/tirelli.net\\\/es\\\/mantenimiento-programado\\\/#primaryimage\",\"url\":\"https:\\\/\\\/tirelli.net\\\/wp-content\\\/uploads\\\/2024\\\/09\\\/tirelli-img-scheduled-maintenance.webp\",\"contentUrl\":\"https:\\\/\\\/tirelli.net\\\/wp-content\\\/uploads\\\/2024\\\/09\\\/tirelli-img-scheduled-maintenance.webp\",\"width\":1800,\"height\":1013,\"caption\":\"Rotary labelling machines\"},{\"@type\":\"BreadcrumbList\",\"@id\":\"https:\\\/\\\/tirelli.net\\\/es\\\/mantenimiento-programado\\\/#breadcrumb\",\"itemListElement\":[{\"@type\":\"ListItem\",\"position\":1,\"name\":\"Home\",\"item\":\"https:\\\/\\\/tirelli.net\\\/es\\\/\"},{\"@type\":\"ListItem\",\"position\":2,\"name\":\"Mantenimiento programado\"}]},{\"@type\":\"WebSite\",\"@id\":\"https:\\\/\\\/tirelli.net\\\/es\\\/#website\",\"url\":\"https:\\\/\\\/tirelli.net\\\/es\\\/\",\"name\":\"TIRELLI\",\"description\":\"Cosmetic and personal care packaging equipment specialist\",\"publisher\":{\"@id\":\"https:\\\/\\\/tirelli.net\\\/es\\\/#organization\"},\"potentialAction\":[{\"@type\":\"SearchAction\",\"target\":{\"@type\":\"EntryPoint\",\"urlTemplate\":\"https:\\\/\\\/tirelli.net\\\/es\\\/?s={search_term_string}\"},\"query-input\":{\"@type\":\"PropertyValueSpecification\",\"valueRequired\":true,\"valueName\":\"search_term_string\"}}],\"inLanguage\":\"es\"},{\"@type\":\"Organization\",\"@id\":\"https:\\\/\\\/tirelli.net\\\/es\\\/#organization\",\"name\":\"TIRELLI\",\"alternateName\":\"Customised Packaging Lines\",\"url\":\"https:\\\/\\\/tirelli.net\\\/es\\\/\",\"logo\":{\"@type\":\"ImageObject\",\"inLanguage\":\"es\",\"@id\":\"https:\\\/\\\/tirelli.net\\\/es\\\/#\\\/schema\\\/logo\\\/image\\\/\",\"url\":\"https:\\\/\\\/tirelli.net\\\/wp-content\\\/uploads\\\/2024\\\/07\\\/favicon.png\",\"contentUrl\":\"https:\\\/\\\/tirelli.net\\\/wp-content\\\/uploads\\\/2024\\\/07\\\/favicon.png\",\"width\":512,\"height\":512,\"caption\":\"TIRELLI\"},\"image\":{\"@id\":\"https:\\\/\\\/tirelli.net\\\/es\\\/#\\\/schema\\\/logo\\\/image\\\/\"}}]}<\/script>\n<!-- \/ Yoast SEO plugin. -->","yoast_head_json":{"title":"Mantenimiento programado TIRELLI","description":"Adem\u00e1s del mantenimiento ordinario y correctivo, los clientes pueden optar por el mantenimiento preventivo para minimizar el riesgo de problemas futuros.","robots":{"index":"index","follow":"follow","max-snippet":"max-snippet:-1","max-image-preview":"max-image-preview:large","max-video-preview":"max-video-preview:-1"},"canonical":"https:\/\/tirelli.net\/es\/mantenimiento-programado\/","og_locale":"es_ES","og_type":"article","og_title":"Mantenimiento programado TIRELLI","og_description":"Adem\u00e1s del mantenimiento ordinario y correctivo, los clientes pueden optar por el mantenimiento preventivo para minimizar el riesgo de problemas futuros.","og_url":"https:\/\/tirelli.net\/es\/mantenimiento-programado\/","og_site_name":"TIRELLI","article_modified_time":"2024-11-15T10:06:34+00:00","og_image":[{"width":1800,"height":1013,"url":"https:\/\/tirelli.net\/wp-content\/uploads\/2024\/09\/tirelli-img-scheduled-maintenance.webp","type":"image\/webp"}],"twitter_card":"summary_large_image","schema":{"@context":"https:\/\/schema.org","@graph":[{"@type":"WebPage","@id":"https:\/\/tirelli.net\/es\/mantenimiento-programado\/","url":"https:\/\/tirelli.net\/es\/mantenimiento-programado\/","name":"Mantenimiento programado TIRELLI","isPartOf":{"@id":"https:\/\/tirelli.net\/es\/#website"},"primaryImageOfPage":{"@id":"https:\/\/tirelli.net\/es\/mantenimiento-programado\/#primaryimage"},"image":{"@id":"https:\/\/tirelli.net\/es\/mantenimiento-programado\/#primaryimage"},"thumbnailUrl":"https:\/\/tirelli.net\/wp-content\/uploads\/2024\/09\/tirelli-img-scheduled-maintenance.webp","datePublished":"2024-08-06T14:37:21+00:00","dateModified":"2024-11-15T10:06:34+00:00","description":"Adem\u00e1s del mantenimiento ordinario y correctivo, los clientes pueden optar por el mantenimiento preventivo para minimizar el riesgo de problemas futuros.","breadcrumb":{"@id":"https:\/\/tirelli.net\/es\/mantenimiento-programado\/#breadcrumb"},"inLanguage":"es","potentialAction":[{"@type":"ReadAction","target":["https:\/\/tirelli.net\/es\/mantenimiento-programado\/"]}]},{"@type":"ImageObject","inLanguage":"es","@id":"https:\/\/tirelli.net\/es\/mantenimiento-programado\/#primaryimage","url":"https:\/\/tirelli.net\/wp-content\/uploads\/2024\/09\/tirelli-img-scheduled-maintenance.webp","contentUrl":"https:\/\/tirelli.net\/wp-content\/uploads\/2024\/09\/tirelli-img-scheduled-maintenance.webp","width":1800,"height":1013,"caption":"Rotary labelling machines"},{"@type":"BreadcrumbList","@id":"https:\/\/tirelli.net\/es\/mantenimiento-programado\/#breadcrumb","itemListElement":[{"@type":"ListItem","position":1,"name":"Home","item":"https:\/\/tirelli.net\/es\/"},{"@type":"ListItem","position":2,"name":"Mantenimiento programado"}]},{"@type":"WebSite","@id":"https:\/\/tirelli.net\/es\/#website","url":"https:\/\/tirelli.net\/es\/","name":"TIRELLI","description":"Cosmetic and personal care packaging equipment specialist","publisher":{"@id":"https:\/\/tirelli.net\/es\/#organization"},"potentialAction":[{"@type":"SearchAction","target":{"@type":"EntryPoint","urlTemplate":"https:\/\/tirelli.net\/es\/?s={search_term_string}"},"query-input":{"@type":"PropertyValueSpecification","valueRequired":true,"valueName":"search_term_string"}}],"inLanguage":"es"},{"@type":"Organization","@id":"https:\/\/tirelli.net\/es\/#organization","name":"TIRELLI","alternateName":"Customised Packaging Lines","url":"https:\/\/tirelli.net\/es\/","logo":{"@type":"ImageObject","inLanguage":"es","@id":"https:\/\/tirelli.net\/es\/#\/schema\/logo\/image\/","url":"https:\/\/tirelli.net\/wp-content\/uploads\/2024\/07\/favicon.png","contentUrl":"https:\/\/tirelli.net\/wp-content\/uploads\/2024\/07\/favicon.png","width":512,"height":512,"caption":"TIRELLI"},"image":{"@id":"https:\/\/tirelli.net\/es\/#\/schema\/logo\/image\/"}}]}},"_links":{"self":[{"href":"https:\/\/tirelli.net\/es\/wp-json\/wp\/v2\/pages\/4321","targetHints":{"allow":["GET"]}}],"collection":[{"href":"https:\/\/tirelli.net\/es\/wp-json\/wp\/v2\/pages"}],"about":[{"href":"https:\/\/tirelli.net\/es\/wp-json\/wp\/v2\/types\/page"}],"author":[{"embeddable":true,"href":"https:\/\/tirelli.net\/es\/wp-json\/wp\/v2\/users\/1"}],"replies":[{"embeddable":true,"href":"https:\/\/tirelli.net\/es\/wp-json\/wp\/v2\/comments?post=4321"}],"version-history":[{"count":1,"href":"https:\/\/tirelli.net\/es\/wp-json\/wp\/v2\/pages\/4321\/revisions"}],"predecessor-version":[{"id":4323,"href":"https:\/\/tirelli.net\/es\/wp-json\/wp\/v2\/pages\/4321\/revisions\/4323"}],"wp:featuredmedia":[{"embeddable":true,"href":"https:\/\/tirelli.net\/es\/wp-json\/wp\/v2\/media\/4322"}],"wp:attachment":[{"href":"https:\/\/tirelli.net\/es\/wp-json\/wp\/v2\/media?parent=4321"}],"curies":[{"name":"wp","href":"https:\/\/api.w.org\/{rel}","templated":true}]}}