{"id":4324,"date":"2024-08-06T16:36:44","date_gmt":"2024-08-06T14:36:44","guid":{"rendered":"https:\/\/tirelli.net\/recambios\/"},"modified":"2024-11-15T11:09:09","modified_gmt":"2024-11-15T10:09:09","slug":"recambios","status":"publish","type":"page","link":"https:\/\/tirelli.net\/es\/recambios\/","title":{"rendered":"Recambios"},"content":{"rendered":"\t\t<div data-elementor-type=\"wp-page\" data-elementor-id=\"4324\" class=\"elementor elementor-4324 elementor-1434\" data-elementor-post-type=\"page\">\n\t\t\t\t<div class=\"elementor-element elementor-element-001fc8c e-flex e-con-boxed e-con e-parent\" data-id=\"001fc8c\" data-element_type=\"container\" data-e-type=\"container\">\n\t\t\t\t\t<div class=\"e-con-inner\">\n\t\t\t\t<div class=\"elementor-element elementor-element-de972c4 elementor-widget elementor-widget-heading\" data-id=\"de972c4\" data-element_type=\"widget\" data-e-type=\"widget\" data-widget_type=\"heading.default\">\n\t\t\t\t<div class=\"elementor-widget-container\">\n\t\t\t\t\t<h2 class=\"elementor-heading-title elementor-size-default\">RECAMBIOS DE CALIDAD <\/h2>\t\t\t\t<\/div>\n\t\t\t\t<\/div>\n\t\t\t\t<div class=\"elementor-element elementor-element-f6f9aa5 elementor-widget elementor-widget-text-editor\" data-id=\"f6f9aa5\" data-element_type=\"widget\" data-e-type=\"widget\" data-widget_type=\"text-editor.default\">\n\t\t\t\t<div class=\"elementor-widget-container\">\n\t\t\t\t\t\t\t\t\t<p>El departamento de recambios garantiza el env\u00edo de los pedidos dentro de las <strong>24 horas laborables desde la solicitud.<\/strong><\/p>\n\t\t\t\t\t\t\t\t<\/div>\n\t\t\t\t<\/div>\n\t\t\t\t\t<\/div>\n\t\t\t\t<\/div>\n\t\t<div class=\"elementor-element elementor-element-8b02661 e-flex e-con-boxed e-con e-parent\" data-id=\"8b02661\" data-element_type=\"container\" data-e-type=\"container\">\n\t\t\t\t\t<div class=\"e-con-inner\">\n\t\t<div class=\"elementor-element elementor-element-47872f1 e-con-full e-flex e-con e-child\" data-id=\"47872f1\" data-element_type=\"container\" data-e-type=\"container\" data-settings=\"{&quot;background_background&quot;:&quot;classic&quot;}\">\n\t\t\t\t<\/div>\n\t\t<div class=\"elementor-element elementor-element-29d54dc e-con-full e-flex e-con e-child\" data-id=\"29d54dc\" data-element_type=\"container\" data-e-type=\"container\">\n\t\t\t\t<div class=\"elementor-element elementor-element-8cb015d elementor-widget elementor-widget-heading\" data-id=\"8cb015d\" data-element_type=\"widget\" data-e-type=\"widget\" data-widget_type=\"heading.default\">\n\t\t\t\t<div class=\"elementor-widget-container\">\n\t\t\t\t\t<h4 class=\"elementor-heading-title elementor-size-default\">5.000 recambios enviados al a\u00f1o<\/h4>\t\t\t\t<\/div>\n\t\t\t\t<\/div>\n\t\t\t\t<div class=\"elementor-element elementor-element-1f2c10e elementor-widget elementor-widget-text-editor\" data-id=\"1f2c10e\" data-element_type=\"widget\" data-e-type=\"widget\" data-widget_type=\"text-editor.default\">\n\t\t\t\t<div class=\"elementor-widget-container\">\n\t\t\t\t\t\t\t\t\t<p>Los clientes de TIRELLI tienen a su disposici\u00f3n un portal para el env\u00edo en l\u00ednea de recambios. El portal funciona como una tienda digital: <strong>basta con localizar las piezas de recambio necesarias e introducirlas en el carrito virtual.<\/strong> El pedido se env\u00eda al departamento de Service, quien se ocupa de su preparaci\u00f3n y el env\u00edo de las piezas de recambio.<\/p>\n\t\t\t\t\t\t\t\t<\/div>\n\t\t\t\t<\/div>\n\t\t\t\t<\/div>\n\t\t\t\t\t<\/div>\n\t\t\t\t<\/div>\n\t\t<div class=\"elementor-element elementor-element-abb244e e-flex e-con-boxed e-con e-parent\" data-id=\"abb244e\" data-element_type=\"container\" data-e-type=\"container\">\n\t\t\t\t\t<div class=\"e-con-inner\">\n\t\t\t\t<div class=\"elementor-element elementor-element-562fcea elementor-widget elementor-widget-heading\" data-id=\"562fcea\" data-element_type=\"widget\" data-e-type=\"widget\" data-widget_type=\"heading.default\">\n\t\t\t\t<div class=\"elementor-widget-container\">\n\t\t\t\t\t<div class=\"elementor-heading-title elementor-size-default\">Cont\u00e1ctenos:<\/div>\t\t\t\t<\/div>\n\t\t\t\t<\/div>\n\t\t\t\t<div class=\"elementor-element elementor-element-d63474c elementor-icon-list--layout-inline elementor-list-item-link-full_width elementor-widget elementor-widget-icon-list\" data-id=\"d63474c\" data-element_type=\"widget\" data-e-type=\"widget\" data-widget_type=\"icon-list.default\">\n\t\t\t\t<div class=\"elementor-widget-container\">\n\t\t\t\t\t\t\t<ul class=\"elementor-icon-list-items elementor-inline-items\">\n\t\t\t\t\t\t\t<li class=\"elementor-icon-list-item elementor-inline-item\">\n\t\t\t\t\t\t\t\t\t\t\t<a href=\"tel:+390376396820%20\" target=\"_blank\">\n\n\t\t\t\t\t\t\t\t\t\t\t\t<span class=\"elementor-icon-list-icon\">\n\t\t\t\t\t\t\t<svg aria-hidden=\"true\" class=\"e-font-icon-svg e-fas-phone\" viewBox=\"0 0 512 512\" xmlns=\"http:\/\/www.w3.org\/2000\/svg\"><path d=\"M493.4 24.6l-104-24c-11.3-2.6-22.9 3.3-27.5 13.9l-48 112c-4.2 9.8-1.4 21.3 6.9 28l60.6 49.6c-36 76.7-98.9 140.5-177.2 177.2l-49.6-60.6c-6.8-8.3-18.2-11.1-28-6.9l-112 48C3.9 366.5-2 378.1.6 389.4l24 104C27.1 504.2 36.7 512 48 512c256.1 0 464-207.5 464-464 0-11.2-7.7-20.9-18.6-23.4z\"><\/path><\/svg>\t\t\t\t\t\t<\/span>\n\t\t\t\t\t\t\t\t\t\t<span class=\"elementor-icon-list-text\">+39 0376 396820<\/span>\n\t\t\t\t\t\t\t\t\t\t\t<\/a>\n\t\t\t\t\t\t\t\t\t<\/li>\n\t\t\t\t\t\t\t\t<li class=\"elementor-icon-list-item elementor-inline-item\">\n\t\t\t\t\t\t\t\t\t\t\t<a href=\"mailto:spareparts@tirelli.net\" target=\"_blank\">\n\n\t\t\t\t\t\t\t\t\t\t\t\t<span class=\"elementor-icon-list-icon\">\n\t\t\t\t\t\t\t<svg aria-hidden=\"true\" class=\"e-font-icon-svg e-far-paper-plane\" viewBox=\"0 0 512 512\" xmlns=\"http:\/\/www.w3.org\/2000\/svg\"><path d=\"M440 6.5L24 246.4c-34.4 19.9-31.1 70.8 5.7 85.9L144 379.6V464c0 46.4 59.2 65.5 86.6 28.6l43.8-59.1 111.9 46.2c5.9 2.4 12.1 3.6 18.3 3.6 8.2 0 16.3-2.1 23.6-6.2 12.8-7.2 21.6-20 23.9-34.5l59.4-387.2c6.1-40.1-36.9-68.8-71.5-48.9zM192 464v-64.6l36.6 15.1L192 464zm212.6-28.7l-153.8-63.5L391 169.5c10.7-15.5-9.5-33.5-23.7-21.2L155.8 332.6 48 288 464 48l-59.4 387.3z\"><\/path><\/svg>\t\t\t\t\t\t<\/span>\n\t\t\t\t\t\t\t\t\t\t<span class=\"elementor-icon-list-text\">spareparts@tirelli.net<\/span>\n\t\t\t\t\t\t\t\t\t\t\t<\/a>\n\t\t\t\t\t\t\t\t\t<\/li>\n\t\t\t\t\t\t<\/ul>\n\t\t\t\t\t\t<\/div>\n\t\t\t\t<\/div>\n\t\t\t\t\t<\/div>\n\t\t\t\t<\/div>\n\t\t<div class=\"elementor-element elementor-element-3ddac08 e-flex e-con-boxed e-con e-parent\" data-id=\"3ddac08\" data-element_type=\"container\" data-e-type=\"container\">\n\t\t\t\t\t<div class=\"e-con-inner\">\n\t\t\t\t<div class=\"elementor-element elementor-element-52469aa elementor-widget elementor-widget-text-editor\" data-id=\"52469aa\" data-element_type=\"widget\" data-e-type=\"widget\" data-widget_type=\"text-editor.default\">\n\t\t\t\t<div class=\"elementor-widget-container\">\n\t\t\t\t\t\t\t\t\t<p>O env\u00eda un mensaje utilizando el formulario en l\u00ednea.<\/p>\n<p>Responderemos a cada solicitud o mensaje lo antes posible, \u00a1gracias!<\/p>\n\t\t\t\t\t\t\t\t<\/div>\n\t\t\t\t<\/div>\n\t\t\t\t<div class=\"elementor-element elementor-element-42c4e9d elementor-align-left elementor-widget elementor-widget-button\" data-id=\"42c4e9d\" data-element_type=\"widget\" data-e-type=\"widget\" data-widget_type=\"button.default\">\n\t\t\t\t<div class=\"elementor-widget-container\">\n\t\t\t\t\t\t\t\t\t<div class=\"elementor-button-wrapper\">\n\t\t\t\t\t<a class=\"elementor-button elementor-button-link elementor-size-sm\" href=\"https:\/\/tirelli.net\/es\/contactos\/\">\n\t\t\t\t\t\t<span class=\"elementor-button-content-wrapper\">\n\t\t\t\t\t\t\t\t\t<span class=\"elementor-button-text\">Cont\u00e1ctenos<\/span>\n\t\t\t\t\t<\/span>\n\t\t\t\t\t<\/a>\n\t\t\t\t<\/div>\n\t\t\t\t\t\t\t\t<\/div>\n\t\t\t\t<\/div>\n\t\t\t\t\t<\/div>\n\t\t\t\t<\/div>\n\t\t\t\t<\/div>\n\t\t","protected":false},"excerpt":{"rendered":"<p>RECAMBIOS DE CALIDAD El departamento de recambios garantiza el env\u00edo de los pedidos dentro de las 24 horas laborables desde la solicitud. 5.000 recambios enviados al a\u00f1o Los clientes de TIRELLI tienen a su disposici\u00f3n un portal para el env\u00edo en l\u00ednea de recambios. El portal funciona como una tienda digital: basta con localizar las [&hellip;]<\/p>\n","protected":false},"author":1,"featured_media":4298,"parent":0,"menu_order":0,"comment_status":"closed","ping_status":"closed","template":"","meta":{"_acf_changed":false,"footnotes":""},"class_list":["post-4324","page","type-page","status-publish","has-post-thumbnail","hentry"],"acf":[],"yoast_head":"<!-- This site is optimized with the Yoast SEO plugin v27.4 - https:\/\/yoast.com\/product\/yoast-seo-wordpress\/ -->\n<title>Repuestos de calidad TIRELLI<\/title>\n<meta name=\"description\" content=\"Nuestro servicio de repuestos garantiza el env\u00edo de los pedidos en un plazo de 24 horas laborables desde la solicitud. 5,000 repuestos enviados cada a\u00f1o.\" \/>\n<meta name=\"robots\" content=\"index, follow, max-snippet:-1, max-image-preview:large, max-video-preview:-1\" \/>\n<link rel=\"canonical\" href=\"https:\/\/tirelli.net\/es\/recambios\/\" \/>\n<meta property=\"og:locale\" content=\"es_ES\" \/>\n<meta property=\"og:type\" content=\"article\" \/>\n<meta property=\"og:title\" content=\"Repuestos de calidad TIRELLI\" \/>\n<meta property=\"og:description\" content=\"Nuestro servicio de repuestos garantiza el env\u00edo de los pedidos en un plazo de 24 horas laborables desde la solicitud. 5,000 repuestos enviados cada a\u00f1o.\" \/>\n<meta property=\"og:url\" content=\"https:\/\/tirelli.net\/es\/recambios\/\" \/>\n<meta property=\"og:site_name\" content=\"TIRELLI\" \/>\n<meta property=\"article:modified_time\" content=\"2024-11-15T10:09:09+00:00\" \/>\n<meta property=\"og:image\" content=\"https:\/\/tirelli.net\/wp-content\/uploads\/2024\/09\/tirelli-spare-parts.webp\" \/>\n\t<meta property=\"og:image:width\" content=\"1920\" \/>\n\t<meta property=\"og:image:height\" content=\"1080\" \/>\n\t<meta property=\"og:image:type\" content=\"image\/webp\" \/>\n<meta name=\"twitter:card\" content=\"summary_large_image\" \/>\n<meta name=\"twitter:label1\" content=\"Tiempo de lectura\" \/>\n\t<meta name=\"twitter:data1\" content=\"1 minuto\" \/>\n<script type=\"application\/ld+json\" class=\"yoast-schema-graph\">{\"@context\":\"https:\\\/\\\/schema.org\",\"@graph\":[{\"@type\":\"WebPage\",\"@id\":\"https:\\\/\\\/tirelli.net\\\/es\\\/recambios\\\/\",\"url\":\"https:\\\/\\\/tirelli.net\\\/es\\\/recambios\\\/\",\"name\":\"Repuestos de calidad TIRELLI\",\"isPartOf\":{\"@id\":\"https:\\\/\\\/tirelli.net\\\/es\\\/#website\"},\"primaryImageOfPage\":{\"@id\":\"https:\\\/\\\/tirelli.net\\\/es\\\/recambios\\\/#primaryimage\"},\"image\":{\"@id\":\"https:\\\/\\\/tirelli.net\\\/es\\\/recambios\\\/#primaryimage\"},\"thumbnailUrl\":\"https:\\\/\\\/tirelli.net\\\/wp-content\\\/uploads\\\/2024\\\/09\\\/tirelli-spare-parts.webp\",\"datePublished\":\"2024-08-06T14:36:44+00:00\",\"dateModified\":\"2024-11-15T10:09:09+00:00\",\"description\":\"Nuestro servicio de repuestos garantiza el env\u00edo de los pedidos en un plazo de 24 horas laborables desde la solicitud. 5,000 repuestos enviados cada a\u00f1o.\",\"breadcrumb\":{\"@id\":\"https:\\\/\\\/tirelli.net\\\/es\\\/recambios\\\/#breadcrumb\"},\"inLanguage\":\"es\",\"potentialAction\":[{\"@type\":\"ReadAction\",\"target\":[\"https:\\\/\\\/tirelli.net\\\/es\\\/recambios\\\/\"]}]},{\"@type\":\"ImageObject\",\"inLanguage\":\"es\",\"@id\":\"https:\\\/\\\/tirelli.net\\\/es\\\/recambios\\\/#primaryimage\",\"url\":\"https:\\\/\\\/tirelli.net\\\/wp-content\\\/uploads\\\/2024\\\/09\\\/tirelli-spare-parts.webp\",\"contentUrl\":\"https:\\\/\\\/tirelli.net\\\/wp-content\\\/uploads\\\/2024\\\/09\\\/tirelli-spare-parts.webp\",\"width\":1920,\"height\":1080,\"caption\":\"Tirelli sustainability\"},{\"@type\":\"BreadcrumbList\",\"@id\":\"https:\\\/\\\/tirelli.net\\\/es\\\/recambios\\\/#breadcrumb\",\"itemListElement\":[{\"@type\":\"ListItem\",\"position\":1,\"name\":\"Home\",\"item\":\"https:\\\/\\\/tirelli.net\\\/es\\\/\"},{\"@type\":\"ListItem\",\"position\":2,\"name\":\"Recambios\"}]},{\"@type\":\"WebSite\",\"@id\":\"https:\\\/\\\/tirelli.net\\\/es\\\/#website\",\"url\":\"https:\\\/\\\/tirelli.net\\\/es\\\/\",\"name\":\"TIRELLI\",\"description\":\"Cosmetic and personal care packaging equipment specialist\",\"publisher\":{\"@id\":\"https:\\\/\\\/tirelli.net\\\/es\\\/#organization\"},\"potentialAction\":[{\"@type\":\"SearchAction\",\"target\":{\"@type\":\"EntryPoint\",\"urlTemplate\":\"https:\\\/\\\/tirelli.net\\\/es\\\/?s={search_term_string}\"},\"query-input\":{\"@type\":\"PropertyValueSpecification\",\"valueRequired\":true,\"valueName\":\"search_term_string\"}}],\"inLanguage\":\"es\"},{\"@type\":\"Organization\",\"@id\":\"https:\\\/\\\/tirelli.net\\\/es\\\/#organization\",\"name\":\"TIRELLI\",\"alternateName\":\"Customised Packaging Lines\",\"url\":\"https:\\\/\\\/tirelli.net\\\/es\\\/\",\"logo\":{\"@type\":\"ImageObject\",\"inLanguage\":\"es\",\"@id\":\"https:\\\/\\\/tirelli.net\\\/es\\\/#\\\/schema\\\/logo\\\/image\\\/\",\"url\":\"https:\\\/\\\/tirelli.net\\\/wp-content\\\/uploads\\\/2024\\\/07\\\/favicon.png\",\"contentUrl\":\"https:\\\/\\\/tirelli.net\\\/wp-content\\\/uploads\\\/2024\\\/07\\\/favicon.png\",\"width\":512,\"height\":512,\"caption\":\"TIRELLI\"},\"image\":{\"@id\":\"https:\\\/\\\/tirelli.net\\\/es\\\/#\\\/schema\\\/logo\\\/image\\\/\"}}]}<\/script>\n<!-- \/ Yoast SEO plugin. -->","yoast_head_json":{"title":"Repuestos de calidad TIRELLI","description":"Nuestro servicio de repuestos garantiza el env\u00edo de los pedidos en un plazo de 24 horas laborables desde la solicitud. 5,000 repuestos enviados cada a\u00f1o.","robots":{"index":"index","follow":"follow","max-snippet":"max-snippet:-1","max-image-preview":"max-image-preview:large","max-video-preview":"max-video-preview:-1"},"canonical":"https:\/\/tirelli.net\/es\/recambios\/","og_locale":"es_ES","og_type":"article","og_title":"Repuestos de calidad TIRELLI","og_description":"Nuestro servicio de repuestos garantiza el env\u00edo de los pedidos en un plazo de 24 horas laborables desde la solicitud. 5,000 repuestos enviados cada a\u00f1o.","og_url":"https:\/\/tirelli.net\/es\/recambios\/","og_site_name":"TIRELLI","article_modified_time":"2024-11-15T10:09:09+00:00","og_image":[{"width":1920,"height":1080,"url":"https:\/\/tirelli.net\/wp-content\/uploads\/2024\/09\/tirelli-spare-parts.webp","type":"image\/webp"}],"twitter_card":"summary_large_image","twitter_misc":{"Tiempo de lectura":"1 minuto"},"schema":{"@context":"https:\/\/schema.org","@graph":[{"@type":"WebPage","@id":"https:\/\/tirelli.net\/es\/recambios\/","url":"https:\/\/tirelli.net\/es\/recambios\/","name":"Repuestos de calidad TIRELLI","isPartOf":{"@id":"https:\/\/tirelli.net\/es\/#website"},"primaryImageOfPage":{"@id":"https:\/\/tirelli.net\/es\/recambios\/#primaryimage"},"image":{"@id":"https:\/\/tirelli.net\/es\/recambios\/#primaryimage"},"thumbnailUrl":"https:\/\/tirelli.net\/wp-content\/uploads\/2024\/09\/tirelli-spare-parts.webp","datePublished":"2024-08-06T14:36:44+00:00","dateModified":"2024-11-15T10:09:09+00:00","description":"Nuestro servicio de repuestos garantiza el env\u00edo de los pedidos en un plazo de 24 horas laborables desde la solicitud. 5,000 repuestos enviados cada a\u00f1o.","breadcrumb":{"@id":"https:\/\/tirelli.net\/es\/recambios\/#breadcrumb"},"inLanguage":"es","potentialAction":[{"@type":"ReadAction","target":["https:\/\/tirelli.net\/es\/recambios\/"]}]},{"@type":"ImageObject","inLanguage":"es","@id":"https:\/\/tirelli.net\/es\/recambios\/#primaryimage","url":"https:\/\/tirelli.net\/wp-content\/uploads\/2024\/09\/tirelli-spare-parts.webp","contentUrl":"https:\/\/tirelli.net\/wp-content\/uploads\/2024\/09\/tirelli-spare-parts.webp","width":1920,"height":1080,"caption":"Tirelli sustainability"},{"@type":"BreadcrumbList","@id":"https:\/\/tirelli.net\/es\/recambios\/#breadcrumb","itemListElement":[{"@type":"ListItem","position":1,"name":"Home","item":"https:\/\/tirelli.net\/es\/"},{"@type":"ListItem","position":2,"name":"Recambios"}]},{"@type":"WebSite","@id":"https:\/\/tirelli.net\/es\/#website","url":"https:\/\/tirelli.net\/es\/","name":"TIRELLI","description":"Cosmetic and personal care packaging equipment specialist","publisher":{"@id":"https:\/\/tirelli.net\/es\/#organization"},"potentialAction":[{"@type":"SearchAction","target":{"@type":"EntryPoint","urlTemplate":"https:\/\/tirelli.net\/es\/?s={search_term_string}"},"query-input":{"@type":"PropertyValueSpecification","valueRequired":true,"valueName":"search_term_string"}}],"inLanguage":"es"},{"@type":"Organization","@id":"https:\/\/tirelli.net\/es\/#organization","name":"TIRELLI","alternateName":"Customised Packaging Lines","url":"https:\/\/tirelli.net\/es\/","logo":{"@type":"ImageObject","inLanguage":"es","@id":"https:\/\/tirelli.net\/es\/#\/schema\/logo\/image\/","url":"https:\/\/tirelli.net\/wp-content\/uploads\/2024\/07\/favicon.png","contentUrl":"https:\/\/tirelli.net\/wp-content\/uploads\/2024\/07\/favicon.png","width":512,"height":512,"caption":"TIRELLI"},"image":{"@id":"https:\/\/tirelli.net\/es\/#\/schema\/logo\/image\/"}}]}},"_links":{"self":[{"href":"https:\/\/tirelli.net\/es\/wp-json\/wp\/v2\/pages\/4324","targetHints":{"allow":["GET"]}}],"collection":[{"href":"https:\/\/tirelli.net\/es\/wp-json\/wp\/v2\/pages"}],"about":[{"href":"https:\/\/tirelli.net\/es\/wp-json\/wp\/v2\/types\/page"}],"author":[{"embeddable":true,"href":"https:\/\/tirelli.net\/es\/wp-json\/wp\/v2\/users\/1"}],"replies":[{"embeddable":true,"href":"https:\/\/tirelli.net\/es\/wp-json\/wp\/v2\/comments?post=4324"}],"version-history":[{"count":1,"href":"https:\/\/tirelli.net\/es\/wp-json\/wp\/v2\/pages\/4324\/revisions"}],"predecessor-version":[{"id":4326,"href":"https:\/\/tirelli.net\/es\/wp-json\/wp\/v2\/pages\/4324\/revisions\/4326"}],"wp:featuredmedia":[{"embeddable":true,"href":"https:\/\/tirelli.net\/es\/wp-json\/wp\/v2\/media\/4298"}],"wp:attachment":[{"href":"https:\/\/tirelli.net\/es\/wp-json\/wp\/v2\/media?parent=4324"}],"curies":[{"name":"wp","href":"https:\/\/api.w.org\/{rel}","templated":true}]}}