{"id":4327,"date":"2024-08-06T16:37:59","date_gmt":"2024-08-06T14:37:59","guid":{"rendered":"https:\/\/tirelli.net\/entrenamiento\/"},"modified":"2024-11-15T11:11:17","modified_gmt":"2024-11-15T10:11:17","slug":"entrenamiento","status":"publish","type":"page","link":"https:\/\/tirelli.net\/es\/entrenamiento\/","title":{"rendered":"Entrenamiento"},"content":{"rendered":"\n<h2 class=\"wp-block-heading\">FORMACI\u00d3N DE LOS CLIENTES<\/h2>\n\n<p>Para que el servicio posventa funcione m\u00e1s r\u00e1pido, <strong>TIRELLI invierte en la formaci\u00f3n tanto de sus propios operadores como en la del personal t\u00e9cnico de los clientes.<\/strong> De este modo, la cultura del aprendizaje de la empresa no se difunde solamente entre el personal interno, sino que se extiende hacia afuera, generando beneficios para ambos.<\/p>\n\n<p>La formaci\u00f3n dirigida a los clientes se lleva a cabo en la <strong>sede<\/strong> <strong>de<\/strong> <strong>Marmirolo<\/strong> o, seg\u00fan la necesidad, directamente en la sede del cliente. Esta formaci\u00f3n tambi\u00e9n incluye la realizaci\u00f3n de <strong>cursos de formaci\u00f3n capaces de aumentar en el cliente los conocimientos relativos al funcionamiento de las m\u00e1quinas TIRELLI.<\/strong><\/p>\n\n<p>El objetivo es el de aumentar su autonom\u00eda operativa, ante determinados reparaciones que pueden presentarse durante la vida \u00fatil de su m\u00e1quina.<\/p>\n\n<p><\/p>\n","protected":false},"excerpt":{"rendered":"<p>FORMACI\u00d3N DE LOS CLIENTES Para que el servicio posventa funcione m\u00e1s r\u00e1pido, TIRELLI invierte en la formaci\u00f3n tanto de sus propios operadores como en la del personal t\u00e9cnico de los clientes. De este modo, la cultura del aprendizaje de la empresa no se difunde solamente entre el personal interno, sino que se extiende hacia afuera, [&hellip;]<\/p>\n","protected":false},"author":1,"featured_media":3726,"parent":0,"menu_order":0,"comment_status":"closed","ping_status":"closed","template":"","meta":{"_acf_changed":false,"footnotes":""},"class_list":["post-4327","page","type-page","status-publish","has-post-thumbnail","hentry"],"acf":[],"yoast_head":"<!-- This site is optimized with the Yoast SEO plugin v27.4 - https:\/\/yoast.com\/product\/yoast-seo-wordpress\/ -->\n<title>TIRELLI. Formacion clientes<\/title>\n<meta name=\"description\" content=\"Para mejorar la eficiencia de nuestro servicio postventa, TIRELLI invierte en la formaci\u00f3n tanto de sus operadores como del personal t\u00e9cnico de los clientes.\" \/>\n<meta name=\"robots\" content=\"index, follow, max-snippet:-1, max-image-preview:large, max-video-preview:-1\" \/>\n<link rel=\"canonical\" href=\"https:\/\/tirelli.net\/es\/entrenamiento\/\" \/>\n<meta property=\"og:locale\" content=\"es_ES\" \/>\n<meta property=\"og:type\" content=\"article\" \/>\n<meta property=\"og:title\" content=\"TIRELLI. Formacion clientes\" \/>\n<meta property=\"og:description\" content=\"Para mejorar la eficiencia de nuestro servicio postventa, TIRELLI invierte en la formaci\u00f3n tanto de sus operadores como del personal t\u00e9cnico de los clientes.\" \/>\n<meta property=\"og:url\" content=\"https:\/\/tirelli.net\/es\/entrenamiento\/\" \/>\n<meta property=\"og:site_name\" content=\"TIRELLI\" \/>\n<meta property=\"article:modified_time\" content=\"2024-11-15T10:11:17+00:00\" \/>\n<meta property=\"og:image\" content=\"https:\/\/tirelli.net\/wp-content\/uploads\/2024\/09\/tirelli-img-training.webp\" \/>\n\t<meta property=\"og:image:width\" content=\"1800\" \/>\n\t<meta property=\"og:image:height\" content=\"1013\" \/>\n\t<meta property=\"og:image:type\" content=\"image\/webp\" \/>\n<meta name=\"twitter:card\" content=\"summary_large_image\" \/>\n<meta name=\"twitter:label1\" content=\"Tiempo de lectura\" \/>\n\t<meta name=\"twitter:data1\" content=\"1 minuto\" \/>\n<script type=\"application\/ld+json\" class=\"yoast-schema-graph\">{\"@context\":\"https:\\\/\\\/schema.org\",\"@graph\":[{\"@type\":\"WebPage\",\"@id\":\"https:\\\/\\\/tirelli.net\\\/es\\\/entrenamiento\\\/\",\"url\":\"https:\\\/\\\/tirelli.net\\\/es\\\/entrenamiento\\\/\",\"name\":\"TIRELLI. Formacion clientes\",\"isPartOf\":{\"@id\":\"https:\\\/\\\/tirelli.net\\\/es\\\/#website\"},\"primaryImageOfPage\":{\"@id\":\"https:\\\/\\\/tirelli.net\\\/es\\\/entrenamiento\\\/#primaryimage\"},\"image\":{\"@id\":\"https:\\\/\\\/tirelli.net\\\/es\\\/entrenamiento\\\/#primaryimage\"},\"thumbnailUrl\":\"https:\\\/\\\/tirelli.net\\\/wp-content\\\/uploads\\\/2024\\\/09\\\/tirelli-img-training.webp\",\"datePublished\":\"2024-08-06T14:37:59+00:00\",\"dateModified\":\"2024-11-15T10:11:17+00:00\",\"description\":\"Para mejorar la eficiencia de nuestro servicio postventa, TIRELLI invierte en la formaci\u00f3n tanto de sus operadores como del personal t\u00e9cnico de los clientes.\",\"breadcrumb\":{\"@id\":\"https:\\\/\\\/tirelli.net\\\/es\\\/entrenamiento\\\/#breadcrumb\"},\"inLanguage\":\"es\",\"potentialAction\":[{\"@type\":\"ReadAction\",\"target\":[\"https:\\\/\\\/tirelli.net\\\/es\\\/entrenamiento\\\/\"]}]},{\"@type\":\"ImageObject\",\"inLanguage\":\"es\",\"@id\":\"https:\\\/\\\/tirelli.net\\\/es\\\/entrenamiento\\\/#primaryimage\",\"url\":\"https:\\\/\\\/tirelli.net\\\/wp-content\\\/uploads\\\/2024\\\/09\\\/tirelli-img-training.webp\",\"contentUrl\":\"https:\\\/\\\/tirelli.net\\\/wp-content\\\/uploads\\\/2024\\\/09\\\/tirelli-img-training.webp\",\"width\":1800,\"height\":1013,\"caption\":\"tirelli team training\"},{\"@type\":\"BreadcrumbList\",\"@id\":\"https:\\\/\\\/tirelli.net\\\/es\\\/entrenamiento\\\/#breadcrumb\",\"itemListElement\":[{\"@type\":\"ListItem\",\"position\":1,\"name\":\"Home\",\"item\":\"https:\\\/\\\/tirelli.net\\\/es\\\/\"},{\"@type\":\"ListItem\",\"position\":2,\"name\":\"Entrenamiento\"}]},{\"@type\":\"WebSite\",\"@id\":\"https:\\\/\\\/tirelli.net\\\/es\\\/#website\",\"url\":\"https:\\\/\\\/tirelli.net\\\/es\\\/\",\"name\":\"TIRELLI\",\"description\":\"Cosmetic and personal care packaging equipment specialist\",\"publisher\":{\"@id\":\"https:\\\/\\\/tirelli.net\\\/es\\\/#organization\"},\"potentialAction\":[{\"@type\":\"SearchAction\",\"target\":{\"@type\":\"EntryPoint\",\"urlTemplate\":\"https:\\\/\\\/tirelli.net\\\/es\\\/?s={search_term_string}\"},\"query-input\":{\"@type\":\"PropertyValueSpecification\",\"valueRequired\":true,\"valueName\":\"search_term_string\"}}],\"inLanguage\":\"es\"},{\"@type\":\"Organization\",\"@id\":\"https:\\\/\\\/tirelli.net\\\/es\\\/#organization\",\"name\":\"TIRELLI\",\"alternateName\":\"Customised Packaging Lines\",\"url\":\"https:\\\/\\\/tirelli.net\\\/es\\\/\",\"logo\":{\"@type\":\"ImageObject\",\"inLanguage\":\"es\",\"@id\":\"https:\\\/\\\/tirelli.net\\\/es\\\/#\\\/schema\\\/logo\\\/image\\\/\",\"url\":\"https:\\\/\\\/tirelli.net\\\/wp-content\\\/uploads\\\/2024\\\/07\\\/favicon.png\",\"contentUrl\":\"https:\\\/\\\/tirelli.net\\\/wp-content\\\/uploads\\\/2024\\\/07\\\/favicon.png\",\"width\":512,\"height\":512,\"caption\":\"TIRELLI\"},\"image\":{\"@id\":\"https:\\\/\\\/tirelli.net\\\/es\\\/#\\\/schema\\\/logo\\\/image\\\/\"}}]}<\/script>\n<!-- \/ Yoast SEO plugin. -->","yoast_head_json":{"title":"TIRELLI. Formacion clientes","description":"Para mejorar la eficiencia de nuestro servicio postventa, TIRELLI invierte en la formaci\u00f3n tanto de sus operadores como del personal t\u00e9cnico de los clientes.","robots":{"index":"index","follow":"follow","max-snippet":"max-snippet:-1","max-image-preview":"max-image-preview:large","max-video-preview":"max-video-preview:-1"},"canonical":"https:\/\/tirelli.net\/es\/entrenamiento\/","og_locale":"es_ES","og_type":"article","og_title":"TIRELLI. Formacion clientes","og_description":"Para mejorar la eficiencia de nuestro servicio postventa, TIRELLI invierte en la formaci\u00f3n tanto de sus operadores como del personal t\u00e9cnico de los clientes.","og_url":"https:\/\/tirelli.net\/es\/entrenamiento\/","og_site_name":"TIRELLI","article_modified_time":"2024-11-15T10:11:17+00:00","og_image":[{"width":1800,"height":1013,"url":"https:\/\/tirelli.net\/wp-content\/uploads\/2024\/09\/tirelli-img-training.webp","type":"image\/webp"}],"twitter_card":"summary_large_image","twitter_misc":{"Tiempo de lectura":"1 minuto"},"schema":{"@context":"https:\/\/schema.org","@graph":[{"@type":"WebPage","@id":"https:\/\/tirelli.net\/es\/entrenamiento\/","url":"https:\/\/tirelli.net\/es\/entrenamiento\/","name":"TIRELLI. Formacion clientes","isPartOf":{"@id":"https:\/\/tirelli.net\/es\/#website"},"primaryImageOfPage":{"@id":"https:\/\/tirelli.net\/es\/entrenamiento\/#primaryimage"},"image":{"@id":"https:\/\/tirelli.net\/es\/entrenamiento\/#primaryimage"},"thumbnailUrl":"https:\/\/tirelli.net\/wp-content\/uploads\/2024\/09\/tirelli-img-training.webp","datePublished":"2024-08-06T14:37:59+00:00","dateModified":"2024-11-15T10:11:17+00:00","description":"Para mejorar la eficiencia de nuestro servicio postventa, TIRELLI invierte en la formaci\u00f3n tanto de sus operadores como del personal t\u00e9cnico de los clientes.","breadcrumb":{"@id":"https:\/\/tirelli.net\/es\/entrenamiento\/#breadcrumb"},"inLanguage":"es","potentialAction":[{"@type":"ReadAction","target":["https:\/\/tirelli.net\/es\/entrenamiento\/"]}]},{"@type":"ImageObject","inLanguage":"es","@id":"https:\/\/tirelli.net\/es\/entrenamiento\/#primaryimage","url":"https:\/\/tirelli.net\/wp-content\/uploads\/2024\/09\/tirelli-img-training.webp","contentUrl":"https:\/\/tirelli.net\/wp-content\/uploads\/2024\/09\/tirelli-img-training.webp","width":1800,"height":1013,"caption":"tirelli team training"},{"@type":"BreadcrumbList","@id":"https:\/\/tirelli.net\/es\/entrenamiento\/#breadcrumb","itemListElement":[{"@type":"ListItem","position":1,"name":"Home","item":"https:\/\/tirelli.net\/es\/"},{"@type":"ListItem","position":2,"name":"Entrenamiento"}]},{"@type":"WebSite","@id":"https:\/\/tirelli.net\/es\/#website","url":"https:\/\/tirelli.net\/es\/","name":"TIRELLI","description":"Cosmetic and personal care packaging equipment specialist","publisher":{"@id":"https:\/\/tirelli.net\/es\/#organization"},"potentialAction":[{"@type":"SearchAction","target":{"@type":"EntryPoint","urlTemplate":"https:\/\/tirelli.net\/es\/?s={search_term_string}"},"query-input":{"@type":"PropertyValueSpecification","valueRequired":true,"valueName":"search_term_string"}}],"inLanguage":"es"},{"@type":"Organization","@id":"https:\/\/tirelli.net\/es\/#organization","name":"TIRELLI","alternateName":"Customised Packaging Lines","url":"https:\/\/tirelli.net\/es\/","logo":{"@type":"ImageObject","inLanguage":"es","@id":"https:\/\/tirelli.net\/es\/#\/schema\/logo\/image\/","url":"https:\/\/tirelli.net\/wp-content\/uploads\/2024\/07\/favicon.png","contentUrl":"https:\/\/tirelli.net\/wp-content\/uploads\/2024\/07\/favicon.png","width":512,"height":512,"caption":"TIRELLI"},"image":{"@id":"https:\/\/tirelli.net\/es\/#\/schema\/logo\/image\/"}}]}},"_links":{"self":[{"href":"https:\/\/tirelli.net\/es\/wp-json\/wp\/v2\/pages\/4327","targetHints":{"allow":["GET"]}}],"collection":[{"href":"https:\/\/tirelli.net\/es\/wp-json\/wp\/v2\/pages"}],"about":[{"href":"https:\/\/tirelli.net\/es\/wp-json\/wp\/v2\/types\/page"}],"author":[{"embeddable":true,"href":"https:\/\/tirelli.net\/es\/wp-json\/wp\/v2\/users\/1"}],"replies":[{"embeddable":true,"href":"https:\/\/tirelli.net\/es\/wp-json\/wp\/v2\/comments?post=4327"}],"version-history":[{"count":1,"href":"https:\/\/tirelli.net\/es\/wp-json\/wp\/v2\/pages\/4327\/revisions"}],"predecessor-version":[{"id":4328,"href":"https:\/\/tirelli.net\/es\/wp-json\/wp\/v2\/pages\/4327\/revisions\/4328"}],"wp:featuredmedia":[{"embeddable":true,"href":"https:\/\/tirelli.net\/es\/wp-json\/wp\/v2\/media\/3726"}],"wp:attachment":[{"href":"https:\/\/tirelli.net\/es\/wp-json\/wp\/v2\/media?parent=4327"}],"curies":[{"name":"wp","href":"https:\/\/api.w.org\/{rel}","templated":true}]}}