{"id":3924,"date":"2024-08-06T16:36:24","date_gmt":"2024-08-06T14:36:24","guid":{"rendered":"https:\/\/tirelli.net\/service-assistance\/"},"modified":"2024-10-24T13:47:27","modified_gmt":"2024-10-24T11:47:27","slug":"service-assistance","status":"publish","type":"page","link":"https:\/\/tirelli.net\/fr\/service-assistance\/","title":{"rendered":"Service assistance"},"content":{"rendered":"\t\t<div data-elementor-type=\"wp-page\" data-elementor-id=\"3924\" class=\"elementor elementor-3924 elementor-1432\" data-elementor-post-type=\"page\">\n\t\t\t\t<div class=\"elementor-element elementor-element-46a413c e-flex e-con-boxed e-con e-parent\" data-id=\"46a413c\" data-element_type=\"container\" data-e-type=\"container\">\n\t\t\t\t\t<div class=\"e-con-inner\">\n\t\t\t\t<div class=\"elementor-element elementor-element-c4b59b2 elementor-widget elementor-widget-heading\" data-id=\"c4b59b2\" data-element_type=\"widget\" data-e-type=\"widget\" data-widget_type=\"heading.default\">\n\t\t\t\t<div class=\"elementor-widget-container\">\n\t\t\t\t\t<h2 class=\"elementor-heading-title elementor-size-default\">UNE ASSISTANCE GLOBALE<\/h2>\t\t\t\t<\/div>\n\t\t\t\t<\/div>\n\t\t\t\t<div class=\"elementor-element elementor-element-5a71f32 elementor-widget elementor-widget-text-editor\" data-id=\"5a71f32\" data-element_type=\"widget\" data-e-type=\"widget\" data-widget_type=\"text-editor.default\">\n\t\t\t\t<div class=\"elementor-widget-container\">\n\t\t\t\t\t\t\t\t\t<p>Le personnel de TIRELLI accompagne ses clients de la <strong>conception<\/strong> de la machine ou de la ligne de production jusqu\u2019\u00e0 son <strong>installation<\/strong>.<\/p>\n\t\t\t\t\t\t\t\t<\/div>\n\t\t\t\t<\/div>\n\t\t\t\t\t<\/div>\n\t\t\t\t<\/div>\n\t\t<div class=\"elementor-element elementor-element-33bb3d6 e-flex e-con-boxed e-con e-parent\" data-id=\"33bb3d6\" data-element_type=\"container\" data-e-type=\"container\">\n\t\t\t\t\t<div class=\"e-con-inner\">\n\t\t<div class=\"elementor-element elementor-element-d31930f e-con-full e-flex e-con e-child\" data-id=\"d31930f\" data-element_type=\"container\" data-e-type=\"container\" data-settings=\"{&quot;background_background&quot;:&quot;classic&quot;}\">\n\t\t\t\t<\/div>\n\t\t<div class=\"elementor-element elementor-element-4fbc07b e-con-full e-flex e-con e-child\" data-id=\"4fbc07b\" data-element_type=\"container\" data-e-type=\"container\">\n\t\t\t\t<div class=\"elementor-element elementor-element-b1280e6 elementor-widget elementor-widget-text-editor\" data-id=\"b1280e6\" data-element_type=\"widget\" data-e-type=\"widget\" data-widget_type=\"text-editor.default\">\n\t\t\t\t<div class=\"elementor-widget-container\">\n\t\t\t\t\t\t\t\t\t<p>Pour s\u2019occuper efficacement de ses clients, il ne suffit pas de les soutenir pendant la phase de pr\u00e9vente, mais aussi de les assister pendant la phase, plus longue et plus d\u00e9licate, d\u2019apr\u00e8s-vente.<br \/>\n<strong>Les technologies TIRELLI sont con\u00e7ues et r\u00e9alis\u00e9es pour durer dans le temps<\/strong>: un dialogue permanent entre nos techniciens et ceux de nos clients repr\u00e9sente la formule id\u00e9ale pour garantir une synergie efficace entre leurs comp\u00e9tences respectives et le rendement maximal de la machine au cours de sa dur\u00e9e de vie utile.<\/p>\n\t\t\t\t\t\t\t\t<\/div>\n\t\t\t\t<\/div>\n\t\t\t\t<\/div>\n\t\t\t\t\t<\/div>\n\t\t\t\t<\/div>\n\t\t<div class=\"elementor-element elementor-element-b9060ff e-flex e-con-boxed e-con e-parent\" data-id=\"b9060ff\" data-element_type=\"container\" data-e-type=\"container\">\n\t\t\t\t\t<div class=\"e-con-inner\">\n\t\t\t\t<div class=\"elementor-element elementor-element-5aa85cb elementor-widget elementor-widget-text-editor\" data-id=\"5aa85cb\" data-element_type=\"widget\" data-e-type=\"widget\" data-widget_type=\"text-editor.default\">\n\t\t\t\t<div class=\"elementor-widget-container\">\n\t\t\t\t\t\t\t\t\t<p>L\u2019assistance apr\u00e8s l\u2019installation peut \u00eatre planifi\u00e9e ou demand\u00e9e pour r\u00e9soudre les probl\u00e8mes et am\u00e9liorer les performances de la machine. Les techniciens TIRELLI parcourent le monde entier et sont toujours disponibles pour effectuer toute une s\u00e9rie d\u2019interventions.<\/p>\n<p>Une assistance en ligne est \u00e9galement disponible gr\u00e2ce au service <strong>ASSISTANCE:<\/strong><\/p>\n\t\t\t\t\t\t\t\t<\/div>\n\t\t\t\t<\/div>\n\t\t\t\t\t<\/div>\n\t\t\t\t<\/div>\n\t\t<div class=\"elementor-element elementor-element-2422818 e-flex e-con-boxed e-con e-parent\" data-id=\"2422818\" data-element_type=\"container\" data-e-type=\"container\">\n\t\t\t\t\t<div class=\"e-con-inner\">\n\t\t\t\t<div class=\"elementor-element elementor-element-7e44c2b elementor-widget elementor-widget-heading\" data-id=\"7e44c2b\" data-element_type=\"widget\" data-e-type=\"widget\" data-widget_type=\"heading.default\">\n\t\t\t\t<div class=\"elementor-widget-container\">\n\t\t\t\t\t<div class=\"elementor-heading-title elementor-size-default\">Contacts<\/div>\t\t\t\t<\/div>\n\t\t\t\t<\/div>\n\t\t\t\t<div class=\"elementor-element elementor-element-f9e6c14 elementor-icon-list--layout-inline elementor-list-item-link-full_width elementor-widget elementor-widget-icon-list\" data-id=\"f9e6c14\" data-element_type=\"widget\" data-e-type=\"widget\" data-widget_type=\"icon-list.default\">\n\t\t\t\t<div class=\"elementor-widget-container\">\n\t\t\t\t\t\t\t<ul class=\"elementor-icon-list-items elementor-inline-items\">\n\t\t\t\t\t\t\t<li class=\"elementor-icon-list-item elementor-inline-item\">\n\t\t\t\t\t\t\t\t\t\t\t<a href=\"tel:+390376396820%20\" target=\"_blank\">\n\n\t\t\t\t\t\t\t\t\t\t\t\t<span class=\"elementor-icon-list-icon\">\n\t\t\t\t\t\t\t<svg aria-hidden=\"true\" class=\"e-font-icon-svg e-fas-phone\" viewBox=\"0 0 512 512\" xmlns=\"http:\/\/www.w3.org\/2000\/svg\"><path d=\"M493.4 24.6l-104-24c-11.3-2.6-22.9 3.3-27.5 13.9l-48 112c-4.2 9.8-1.4 21.3 6.9 28l60.6 49.6c-36 76.7-98.9 140.5-177.2 177.2l-49.6-60.6c-6.8-8.3-18.2-11.1-28-6.9l-112 48C3.9 366.5-2 378.1.6 389.4l24 104C27.1 504.2 36.7 512 48 512c256.1 0 464-207.5 464-464 0-11.2-7.7-20.9-18.6-23.4z\"><\/path><\/svg>\t\t\t\t\t\t<\/span>\n\t\t\t\t\t\t\t\t\t\t<span class=\"elementor-icon-list-text\">+39 0376 396820<\/span>\n\t\t\t\t\t\t\t\t\t\t\t<\/a>\n\t\t\t\t\t\t\t\t\t<\/li>\n\t\t\t\t\t\t\t\t<li class=\"elementor-icon-list-item elementor-inline-item\">\n\t\t\t\t\t\t\t\t\t\t\t<a href=\"mailto:helpdesk@tirelli.net\" target=\"_blank\">\n\n\t\t\t\t\t\t\t\t\t\t\t\t<span class=\"elementor-icon-list-icon\">\n\t\t\t\t\t\t\t<svg aria-hidden=\"true\" class=\"e-font-icon-svg e-far-paper-plane\" viewBox=\"0 0 512 512\" xmlns=\"http:\/\/www.w3.org\/2000\/svg\"><path d=\"M440 6.5L24 246.4c-34.4 19.9-31.1 70.8 5.7 85.9L144 379.6V464c0 46.4 59.2 65.5 86.6 28.6l43.8-59.1 111.9 46.2c5.9 2.4 12.1 3.6 18.3 3.6 8.2 0 16.3-2.1 23.6-6.2 12.8-7.2 21.6-20 23.9-34.5l59.4-387.2c6.1-40.1-36.9-68.8-71.5-48.9zM192 464v-64.6l36.6 15.1L192 464zm212.6-28.7l-153.8-63.5L391 169.5c10.7-15.5-9.5-33.5-23.7-21.2L155.8 332.6 48 288 464 48l-59.4 387.3z\"><\/path><\/svg>\t\t\t\t\t\t<\/span>\n\t\t\t\t\t\t\t\t\t\t<span class=\"elementor-icon-list-text\">helpdesk@tirelli.net<\/span>\n\t\t\t\t\t\t\t\t\t\t\t<\/a>\n\t\t\t\t\t\t\t\t\t<\/li>\n\t\t\t\t\t\t<\/ul>\n\t\t\t\t\t\t<\/div>\n\t\t\t\t<\/div>\n\t\t\t\t\t<\/div>\n\t\t\t\t<\/div>\n\t\t<div class=\"elementor-element elementor-element-9357094 e-flex e-con-boxed e-con e-parent\" data-id=\"9357094\" data-element_type=\"container\" data-e-type=\"container\">\n\t\t\t\t\t<div class=\"e-con-inner\">\n\t\t\t\t<div class=\"elementor-element elementor-element-290d8b9 elementor-widget elementor-widget-text-editor\" data-id=\"290d8b9\" data-element_type=\"widget\" data-e-type=\"widget\" data-widget_type=\"text-editor.default\">\n\t\t\t\t<div class=\"elementor-widget-container\">\n\t\t\t\t\t\t\t\t\t<p>Ou envoyez un message en utilisant le formulaire en ligne.<\/p>\n<p>Nous r\u00e9pondrons \u00e0 chaque demande ou message d\u00e8s que possible, merci !<\/p>\n\t\t\t\t\t\t\t\t<\/div>\n\t\t\t\t<\/div>\n\t\t\t\t<div class=\"elementor-element elementor-element-e64a0ab elementor-align-left elementor-widget elementor-widget-button\" data-id=\"e64a0ab\" data-element_type=\"widget\" data-e-type=\"widget\" data-widget_type=\"button.default\">\n\t\t\t\t<div class=\"elementor-widget-container\">\n\t\t\t\t\t\t\t\t\t<div class=\"elementor-button-wrapper\">\n\t\t\t\t\t<a class=\"elementor-button elementor-button-link elementor-size-sm\" href=\"https:\/\/tirelli.net\/fr\/contacts\/\">\n\t\t\t\t\t\t<span class=\"elementor-button-content-wrapper\">\n\t\t\t\t\t\t\t\t\t<span class=\"elementor-button-text\">Contactez-nous<\/span>\n\t\t\t\t\t<\/span>\n\t\t\t\t\t<\/a>\n\t\t\t\t<\/div>\n\t\t\t\t\t\t\t\t<\/div>\n\t\t\t\t<\/div>\n\t\t\t\t\t<\/div>\n\t\t\t\t<\/div>\n\t\t\t\t<\/div>\n\t\t","protected":false},"excerpt":{"rendered":"<p>UNE ASSISTANCE GLOBALE Le personnel de TIRELLI accompagne ses clients de la conception de la machine ou de la ligne de production jusqu\u2019\u00e0 son installation. Pour s\u2019occuper efficacement de ses clients, il ne suffit pas de les soutenir pendant la phase de pr\u00e9vente, mais aussi de les assister pendant la phase, plus longue et plus [&hellip;]<\/p>\n","protected":false},"author":1,"featured_media":3926,"parent":0,"menu_order":0,"comment_status":"closed","ping_status":"closed","template":"","meta":{"_acf_changed":false,"footnotes":""},"class_list":["post-3924","page","type-page","status-publish","has-post-thumbnail","hentry"],"acf":[],"yoast_head":"<!-- This site is optimized with the Yoast SEO plugin v27.4 - https:\/\/yoast.com\/product\/yoast-seo-wordpress\/ -->\n<title>Assistance compl\u00e8te TIRELLI<\/title>\n<meta name=\"description\" content=\"TIRELLI fournit une assistance compl\u00e8te au client, de la conception initiale de la machine ou de la ligne de production jusqu&#039;\u00e0 son installation.\" \/>\n<meta name=\"robots\" content=\"index, follow, max-snippet:-1, max-image-preview:large, max-video-preview:-1\" \/>\n<link rel=\"canonical\" href=\"https:\/\/tirelli.net\/fr\/service-assistance\/\" \/>\n<meta property=\"og:locale\" content=\"fr_FR\" \/>\n<meta property=\"og:type\" content=\"article\" \/>\n<meta property=\"og:title\" content=\"Assistance compl\u00e8te TIRELLI\" \/>\n<meta property=\"og:description\" content=\"TIRELLI fournit une assistance compl\u00e8te au client, de la conception initiale de la machine ou de la ligne de production jusqu&#039;\u00e0 son installation.\" \/>\n<meta property=\"og:url\" content=\"https:\/\/tirelli.net\/fr\/service-assistance\/\" \/>\n<meta property=\"og:site_name\" content=\"TIRELLI\" \/>\n<meta property=\"article:modified_time\" content=\"2024-10-24T11:47:27+00:00\" \/>\n<meta property=\"og:image\" content=\"https:\/\/tirelli.net\/wp-content\/uploads\/2024\/09\/tirelli-img-sfondo-help-desk.webp\" \/>\n\t<meta property=\"og:image:width\" content=\"1800\" \/>\n\t<meta property=\"og:image:height\" content=\"1200\" \/>\n\t<meta property=\"og:image:type\" content=\"image\/webp\" \/>\n<meta name=\"twitter:card\" content=\"summary_large_image\" \/>\n<meta name=\"twitter:label1\" content=\"Dur\u00e9e de lecture estim\u00e9e\" \/>\n\t<meta name=\"twitter:data1\" content=\"1 minute\" \/>\n<script type=\"application\/ld+json\" class=\"yoast-schema-graph\">{\"@context\":\"https:\\\/\\\/schema.org\",\"@graph\":[{\"@type\":\"WebPage\",\"@id\":\"https:\\\/\\\/tirelli.net\\\/fr\\\/service-assistance\\\/\",\"url\":\"https:\\\/\\\/tirelli.net\\\/fr\\\/service-assistance\\\/\",\"name\":\"Assistance compl\u00e8te TIRELLI\",\"isPartOf\":{\"@id\":\"https:\\\/\\\/tirelli.net\\\/fr\\\/#website\"},\"primaryImageOfPage\":{\"@id\":\"https:\\\/\\\/tirelli.net\\\/fr\\\/service-assistance\\\/#primaryimage\"},\"image\":{\"@id\":\"https:\\\/\\\/tirelli.net\\\/fr\\\/service-assistance\\\/#primaryimage\"},\"thumbnailUrl\":\"https:\\\/\\\/tirelli.net\\\/wp-content\\\/uploads\\\/2024\\\/09\\\/tirelli-img-sfondo-help-desk.webp\",\"datePublished\":\"2024-08-06T14:36:24+00:00\",\"dateModified\":\"2024-10-24T11:47:27+00:00\",\"description\":\"TIRELLI fournit une assistance compl\u00e8te au client, de la conception initiale de la machine ou de la ligne de production jusqu'\u00e0 son installation.\",\"breadcrumb\":{\"@id\":\"https:\\\/\\\/tirelli.net\\\/fr\\\/service-assistance\\\/#breadcrumb\"},\"inLanguage\":\"fr-FR\",\"potentialAction\":[{\"@type\":\"ReadAction\",\"target\":[\"https:\\\/\\\/tirelli.net\\\/fr\\\/service-assistance\\\/\"]}]},{\"@type\":\"ImageObject\",\"inLanguage\":\"fr-FR\",\"@id\":\"https:\\\/\\\/tirelli.net\\\/fr\\\/service-assistance\\\/#primaryimage\",\"url\":\"https:\\\/\\\/tirelli.net\\\/wp-content\\\/uploads\\\/2024\\\/09\\\/tirelli-img-sfondo-help-desk.webp\",\"contentUrl\":\"https:\\\/\\\/tirelli.net\\\/wp-content\\\/uploads\\\/2024\\\/09\\\/tirelli-img-sfondo-help-desk.webp\",\"width\":1800,\"height\":1200,\"caption\":\"Tirelli help desck\"},{\"@type\":\"BreadcrumbList\",\"@id\":\"https:\\\/\\\/tirelli.net\\\/fr\\\/service-assistance\\\/#breadcrumb\",\"itemListElement\":[{\"@type\":\"ListItem\",\"position\":1,\"name\":\"Home\",\"item\":\"https:\\\/\\\/tirelli.net\\\/fr\\\/\"},{\"@type\":\"ListItem\",\"position\":2,\"name\":\"Service assistance\"}]},{\"@type\":\"WebSite\",\"@id\":\"https:\\\/\\\/tirelli.net\\\/fr\\\/#website\",\"url\":\"https:\\\/\\\/tirelli.net\\\/fr\\\/\",\"name\":\"TIRELLI\",\"description\":\"Cosmetic and personal care packaging equipment specialist\",\"publisher\":{\"@id\":\"https:\\\/\\\/tirelli.net\\\/fr\\\/#organization\"},\"potentialAction\":[{\"@type\":\"SearchAction\",\"target\":{\"@type\":\"EntryPoint\",\"urlTemplate\":\"https:\\\/\\\/tirelli.net\\\/fr\\\/?s={search_term_string}\"},\"query-input\":{\"@type\":\"PropertyValueSpecification\",\"valueRequired\":true,\"valueName\":\"search_term_string\"}}],\"inLanguage\":\"fr-FR\"},{\"@type\":\"Organization\",\"@id\":\"https:\\\/\\\/tirelli.net\\\/fr\\\/#organization\",\"name\":\"TIRELLI\",\"alternateName\":\"Customised Packaging Lines\",\"url\":\"https:\\\/\\\/tirelli.net\\\/fr\\\/\",\"logo\":{\"@type\":\"ImageObject\",\"inLanguage\":\"fr-FR\",\"@id\":\"https:\\\/\\\/tirelli.net\\\/fr\\\/#\\\/schema\\\/logo\\\/image\\\/\",\"url\":\"https:\\\/\\\/tirelli.net\\\/wp-content\\\/uploads\\\/2024\\\/07\\\/favicon.png\",\"contentUrl\":\"https:\\\/\\\/tirelli.net\\\/wp-content\\\/uploads\\\/2024\\\/07\\\/favicon.png\",\"width\":512,\"height\":512,\"caption\":\"TIRELLI\"},\"image\":{\"@id\":\"https:\\\/\\\/tirelli.net\\\/fr\\\/#\\\/schema\\\/logo\\\/image\\\/\"}}]}<\/script>\n<!-- \/ Yoast SEO plugin. -->","yoast_head_json":{"title":"Assistance compl\u00e8te TIRELLI","description":"TIRELLI fournit une assistance compl\u00e8te au client, de la conception initiale de la machine ou de la ligne de production jusqu'\u00e0 son installation.","robots":{"index":"index","follow":"follow","max-snippet":"max-snippet:-1","max-image-preview":"max-image-preview:large","max-video-preview":"max-video-preview:-1"},"canonical":"https:\/\/tirelli.net\/fr\/service-assistance\/","og_locale":"fr_FR","og_type":"article","og_title":"Assistance compl\u00e8te TIRELLI","og_description":"TIRELLI fournit une assistance compl\u00e8te au client, de la conception initiale de la machine ou de la ligne de production jusqu'\u00e0 son installation.","og_url":"https:\/\/tirelli.net\/fr\/service-assistance\/","og_site_name":"TIRELLI","article_modified_time":"2024-10-24T11:47:27+00:00","og_image":[{"width":1800,"height":1200,"url":"https:\/\/tirelli.net\/wp-content\/uploads\/2024\/09\/tirelli-img-sfondo-help-desk.webp","type":"image\/webp"}],"twitter_card":"summary_large_image","twitter_misc":{"Dur\u00e9e de lecture estim\u00e9e":"1 minute"},"schema":{"@context":"https:\/\/schema.org","@graph":[{"@type":"WebPage","@id":"https:\/\/tirelli.net\/fr\/service-assistance\/","url":"https:\/\/tirelli.net\/fr\/service-assistance\/","name":"Assistance compl\u00e8te TIRELLI","isPartOf":{"@id":"https:\/\/tirelli.net\/fr\/#website"},"primaryImageOfPage":{"@id":"https:\/\/tirelli.net\/fr\/service-assistance\/#primaryimage"},"image":{"@id":"https:\/\/tirelli.net\/fr\/service-assistance\/#primaryimage"},"thumbnailUrl":"https:\/\/tirelli.net\/wp-content\/uploads\/2024\/09\/tirelli-img-sfondo-help-desk.webp","datePublished":"2024-08-06T14:36:24+00:00","dateModified":"2024-10-24T11:47:27+00:00","description":"TIRELLI fournit une assistance compl\u00e8te au client, de la conception initiale de la machine ou de la ligne de production jusqu'\u00e0 son installation.","breadcrumb":{"@id":"https:\/\/tirelli.net\/fr\/service-assistance\/#breadcrumb"},"inLanguage":"fr-FR","potentialAction":[{"@type":"ReadAction","target":["https:\/\/tirelli.net\/fr\/service-assistance\/"]}]},{"@type":"ImageObject","inLanguage":"fr-FR","@id":"https:\/\/tirelli.net\/fr\/service-assistance\/#primaryimage","url":"https:\/\/tirelli.net\/wp-content\/uploads\/2024\/09\/tirelli-img-sfondo-help-desk.webp","contentUrl":"https:\/\/tirelli.net\/wp-content\/uploads\/2024\/09\/tirelli-img-sfondo-help-desk.webp","width":1800,"height":1200,"caption":"Tirelli help desck"},{"@type":"BreadcrumbList","@id":"https:\/\/tirelli.net\/fr\/service-assistance\/#breadcrumb","itemListElement":[{"@type":"ListItem","position":1,"name":"Home","item":"https:\/\/tirelli.net\/fr\/"},{"@type":"ListItem","position":2,"name":"Service assistance"}]},{"@type":"WebSite","@id":"https:\/\/tirelli.net\/fr\/#website","url":"https:\/\/tirelli.net\/fr\/","name":"TIRELLI","description":"Cosmetic and personal care packaging equipment specialist","publisher":{"@id":"https:\/\/tirelli.net\/fr\/#organization"},"potentialAction":[{"@type":"SearchAction","target":{"@type":"EntryPoint","urlTemplate":"https:\/\/tirelli.net\/fr\/?s={search_term_string}"},"query-input":{"@type":"PropertyValueSpecification","valueRequired":true,"valueName":"search_term_string"}}],"inLanguage":"fr-FR"},{"@type":"Organization","@id":"https:\/\/tirelli.net\/fr\/#organization","name":"TIRELLI","alternateName":"Customised Packaging Lines","url":"https:\/\/tirelli.net\/fr\/","logo":{"@type":"ImageObject","inLanguage":"fr-FR","@id":"https:\/\/tirelli.net\/fr\/#\/schema\/logo\/image\/","url":"https:\/\/tirelli.net\/wp-content\/uploads\/2024\/07\/favicon.png","contentUrl":"https:\/\/tirelli.net\/wp-content\/uploads\/2024\/07\/favicon.png","width":512,"height":512,"caption":"TIRELLI"},"image":{"@id":"https:\/\/tirelli.net\/fr\/#\/schema\/logo\/image\/"}}]}},"_links":{"self":[{"href":"https:\/\/tirelli.net\/fr\/wp-json\/wp\/v2\/pages\/3924","targetHints":{"allow":["GET"]}}],"collection":[{"href":"https:\/\/tirelli.net\/fr\/wp-json\/wp\/v2\/pages"}],"about":[{"href":"https:\/\/tirelli.net\/fr\/wp-json\/wp\/v2\/types\/page"}],"author":[{"embeddable":true,"href":"https:\/\/tirelli.net\/fr\/wp-json\/wp\/v2\/users\/1"}],"replies":[{"embeddable":true,"href":"https:\/\/tirelli.net\/fr\/wp-json\/wp\/v2\/comments?post=3924"}],"version-history":[{"count":4,"href":"https:\/\/tirelli.net\/fr\/wp-json\/wp\/v2\/pages\/3924\/revisions"}],"predecessor-version":[{"id":3950,"href":"https:\/\/tirelli.net\/fr\/wp-json\/wp\/v2\/pages\/3924\/revisions\/3950"}],"wp:featuredmedia":[{"embeddable":true,"href":"https:\/\/tirelli.net\/fr\/wp-json\/wp\/v2\/media\/3926"}],"wp:attachment":[{"href":"https:\/\/tirelli.net\/fr\/wp-json\/wp\/v2\/media?parent=3924"}],"curies":[{"name":"wp","href":"https:\/\/api.w.org\/{rel}","templated":true}]}}