{"id":3931,"date":"2024-08-06T16:37:04","date_gmt":"2024-08-06T14:37:04","guid":{"rendered":"https:\/\/tirelli.net\/options-et-mise-a-niveau\/"},"modified":"2025-01-21T12:42:09","modified_gmt":"2025-01-21T11:42:09","slug":"options-et-mise-a-niveau","status":"publish","type":"page","link":"https:\/\/tirelli.net\/fr\/options-et-mise-a-niveau\/","title":{"rendered":"Options et mise \u00e0 niveau"},"content":{"rendered":"\t\t<div data-elementor-type=\"wp-page\" data-elementor-id=\"3931\" class=\"elementor elementor-3931 elementor-1436\" data-elementor-post-type=\"page\">\n\t\t\t\t<div class=\"elementor-element elementor-element-2501d8e1 e-flex e-con-boxed e-con e-parent\" data-id=\"2501d8e1\" data-element_type=\"container\" data-e-type=\"container\">\n\t\t\t\t\t<div class=\"e-con-inner\">\n\t\t\t\t<div class=\"elementor-element elementor-element-12a36f04 elementor-widget elementor-widget-text-editor\" data-id=\"12a36f04\" data-element_type=\"widget\" data-e-type=\"widget\" data-widget_type=\"text-editor.default\">\n\t\t\t\t<div class=\"elementor-widget-container\">\n\t\t\t\t\t\t\t\t\t<strong>TIRELLI<\/strong> dispose d\u2019un service enti\u00e8rement d\u00e9di\u00e9 aux <strong>modifications et aux changements de format sur les machines existantes<\/strong>, o\u00f9 des sp\u00e9cialistes analysent les nouveaux formats que le client souhaite traiter, en concevant des \u00e9quipements adapt\u00e9s capables de g\u00e9rer les formes les plus complexes.\r\n\r\n<strong>TIRELLI propose des syst\u00e8mes destin\u00e9s \u00e0 am\u00e9liorer les performances des lignes et \u00e0 optimiser la consommation d\u2019\u00e9nergie, des alimentateurs automatiques pour augmenter la vitesse et r\u00e9duire la main d\u2019\u0153uvre, des syst\u00e8mes de s\u00e9curit\u00e9 et de collecte de donn\u00e9es.<\/strong> Moderniser les machines obsol\u00e8tes et int\u00e9grer de nouvelles technologies de pointe est primordial.\r\n\r\nChaque solution est d\u00e9velopp\u00e9e dans le cadre d\u2019un dialogue continu avec le client, avec des sp\u00e9cialistes capables d\u2019orienter ce dernier vers la solution la mieux adapt\u00e9e \u00e0 ses exigences. Toutes les optimisations apport\u00e9es aux machines par TIRELLI sont \u00e9tudi\u00e9es dans le but de toujours rechercher l\u2019am\u00e9lioration technologique, de faciliter l\u2019installation et d\u2019obtenir des performances pour des machines d\u2019une qualit\u00e9 toujours plus \u00e9lev\u00e9e.\t\t\t\t\t\t\t\t<\/div>\n\t\t\t\t<\/div>\n\t\t\t\t\t<\/div>\n\t\t\t\t<\/div>\n\t\t<div class=\"elementor-element elementor-element-3419e98 e-flex e-con-boxed e-con e-parent\" data-id=\"3419e98\" data-element_type=\"container\" data-e-type=\"container\">\n\t\t\t\t\t<div class=\"e-con-inner\">\n\t\t<div class=\"elementor-element elementor-element-204a4cf e-con-full e-flex e-con e-child\" data-id=\"204a4cf\" data-element_type=\"container\" data-e-type=\"container\">\n\t\t\t\t<div class=\"elementor-element elementor-element-ea3593e elementor-widget elementor-widget-heading\" data-id=\"ea3593e\" data-element_type=\"widget\" data-e-type=\"widget\" data-widget_type=\"heading.default\">\n\t\t\t\t<div class=\"elementor-widget-container\">\n\t\t\t\t\t<div class=\"elementor-heading-title elementor-size-default\">Contacts:<\/div>\t\t\t\t<\/div>\n\t\t\t\t<\/div>\n\t\t\t\t<div class=\"elementor-element elementor-element-91bc9eb elementor-icon-list--layout-inline elementor-list-item-link-full_width elementor-widget elementor-widget-icon-list\" data-id=\"91bc9eb\" data-element_type=\"widget\" data-e-type=\"widget\" data-widget_type=\"icon-list.default\">\n\t\t\t\t<div class=\"elementor-widget-container\">\n\t\t\t\t\t\t\t<ul class=\"elementor-icon-list-items elementor-inline-items\">\n\t\t\t\t\t\t\t<li class=\"elementor-icon-list-item elementor-inline-item\">\n\t\t\t\t\t\t\t\t\t\t\t<a href=\"tel:+390376396820%20\" target=\"_blank\">\n\n\t\t\t\t\t\t\t\t\t\t\t\t<span class=\"elementor-icon-list-icon\">\n\t\t\t\t\t\t\t<svg aria-hidden=\"true\" class=\"e-font-icon-svg e-fas-phone\" viewBox=\"0 0 512 512\" xmlns=\"http:\/\/www.w3.org\/2000\/svg\"><path d=\"M493.4 24.6l-104-24c-11.3-2.6-22.9 3.3-27.5 13.9l-48 112c-4.2 9.8-1.4 21.3 6.9 28l60.6 49.6c-36 76.7-98.9 140.5-177.2 177.2l-49.6-60.6c-6.8-8.3-18.2-11.1-28-6.9l-112 48C3.9 366.5-2 378.1.6 389.4l24 104C27.1 504.2 36.7 512 48 512c256.1 0 464-207.5 464-464 0-11.2-7.7-20.9-18.6-23.4z\"><\/path><\/svg>\t\t\t\t\t\t<\/span>\n\t\t\t\t\t\t\t\t\t\t<span class=\"elementor-icon-list-text\">+39 0376 396820<\/span>\n\t\t\t\t\t\t\t\t\t\t\t<\/a>\n\t\t\t\t\t\t\t\t\t<\/li>\n\t\t\t\t\t\t\t\t<li class=\"elementor-icon-list-item elementor-inline-item\">\n\t\t\t\t\t\t\t\t\t\t\t<a href=\"mailto:options.upgrades@tirelli.net\" target=\"_blank\">\n\n\t\t\t\t\t\t\t\t\t\t\t\t<span class=\"elementor-icon-list-icon\">\n\t\t\t\t\t\t\t<svg aria-hidden=\"true\" class=\"e-font-icon-svg e-far-paper-plane\" viewBox=\"0 0 512 512\" xmlns=\"http:\/\/www.w3.org\/2000\/svg\"><path d=\"M440 6.5L24 246.4c-34.4 19.9-31.1 70.8 5.7 85.9L144 379.6V464c0 46.4 59.2 65.5 86.6 28.6l43.8-59.1 111.9 46.2c5.9 2.4 12.1 3.6 18.3 3.6 8.2 0 16.3-2.1 23.6-6.2 12.8-7.2 21.6-20 23.9-34.5l59.4-387.2c6.1-40.1-36.9-68.8-71.5-48.9zM192 464v-64.6l36.6 15.1L192 464zm212.6-28.7l-153.8-63.5L391 169.5c10.7-15.5-9.5-33.5-23.7-21.2L155.8 332.6 48 288 464 48l-59.4 387.3z\"><\/path><\/svg>\t\t\t\t\t\t<\/span>\n\t\t\t\t\t\t\t\t\t\t<span class=\"elementor-icon-list-text\">options.upgrades@tirelli.net<\/span>\n\t\t\t\t\t\t\t\t\t\t\t<\/a>\n\t\t\t\t\t\t\t\t\t<\/li>\n\t\t\t\t\t\t<\/ul>\n\t\t\t\t\t\t<\/div>\n\t\t\t\t<\/div>\n\t\t\t\t<\/div>\n\t\t\t\t\t<\/div>\n\t\t\t\t<\/div>\n\t\t\t\t<\/div>\n\t\t","protected":false},"excerpt":{"rendered":"<p>TIRELLI dispose d\u2019un service enti\u00e8rement d\u00e9di\u00e9 aux modifications et aux changements de format sur les machines existantes, o\u00f9 des sp\u00e9cialistes analysent les nouveaux formats que le client souhaite traiter, en concevant des \u00e9quipements adapt\u00e9s capables de g\u00e9rer les formes les plus complexes. TIRELLI propose des syst\u00e8mes destin\u00e9s \u00e0 am\u00e9liorer les performances des lignes et \u00e0 [&hellip;]<\/p>\n","protected":false},"author":1,"featured_media":3932,"parent":0,"menu_order":0,"comment_status":"closed","ping_status":"closed","template":"","meta":{"_acf_changed":false,"footnotes":""},"class_list":["post-3931","page","type-page","status-publish","has-post-thumbnail","hentry"],"acf":[],"yoast_head":"<!-- This site is optimized with the Yoast SEO plugin v27.4 - https:\/\/yoast.com\/product\/yoast-seo-wordpress\/ -->\n<title>Adaptations et personnalisation des machines TIRELLI<\/title>\n<meta name=\"description\" content=\"TIRELLI propose des adaptations personnalis\u00e9es pour les machines, am\u00e9liorant l&#039;efficacit\u00e9 et la s\u00e9curit\u00e9 tout en modernisant les technologies.\" \/>\n<meta name=\"robots\" content=\"index, follow, max-snippet:-1, max-image-preview:large, max-video-preview:-1\" \/>\n<link rel=\"canonical\" href=\"https:\/\/tirelli.net\/fr\/options-et-mise-a-niveau\/\" \/>\n<meta property=\"og:locale\" content=\"fr_FR\" \/>\n<meta property=\"og:type\" content=\"article\" \/>\n<meta property=\"og:title\" content=\"Adaptations et personnalisation des machines TIRELLI\" \/>\n<meta property=\"og:description\" content=\"TIRELLI propose des adaptations personnalis\u00e9es pour les machines, am\u00e9liorant l&#039;efficacit\u00e9 et la s\u00e9curit\u00e9 tout en modernisant les technologies.\" \/>\n<meta property=\"og:url\" content=\"https:\/\/tirelli.net\/fr\/options-et-mise-a-niveau\/\" \/>\n<meta property=\"og:site_name\" content=\"TIRELLI\" \/>\n<meta property=\"article:modified_time\" content=\"2025-01-21T11:42:09+00:00\" \/>\n<meta property=\"og:image\" content=\"https:\/\/tirelli.net\/wp-content\/uploads\/2024\/09\/tirelli-img-option-upgrades.webp\" \/>\n\t<meta property=\"og:image:width\" content=\"1800\" \/>\n\t<meta property=\"og:image:height\" content=\"1013\" \/>\n\t<meta property=\"og:image:type\" content=\"image\/webp\" \/>\n<meta name=\"twitter:card\" content=\"summary_large_image\" \/>\n<meta name=\"twitter:label1\" content=\"Dur\u00e9e de lecture estim\u00e9e\" \/>\n\t<meta name=\"twitter:data1\" content=\"1 minute\" \/>\n<script type=\"application\/ld+json\" class=\"yoast-schema-graph\">{\"@context\":\"https:\\\/\\\/schema.org\",\"@graph\":[{\"@type\":\"WebPage\",\"@id\":\"https:\\\/\\\/tirelli.net\\\/fr\\\/options-et-mise-a-niveau\\\/\",\"url\":\"https:\\\/\\\/tirelli.net\\\/fr\\\/options-et-mise-a-niveau\\\/\",\"name\":\"Adaptations et personnalisation des machines TIRELLI\",\"isPartOf\":{\"@id\":\"https:\\\/\\\/tirelli.net\\\/fr\\\/#website\"},\"primaryImageOfPage\":{\"@id\":\"https:\\\/\\\/tirelli.net\\\/fr\\\/options-et-mise-a-niveau\\\/#primaryimage\"},\"image\":{\"@id\":\"https:\\\/\\\/tirelli.net\\\/fr\\\/options-et-mise-a-niveau\\\/#primaryimage\"},\"thumbnailUrl\":\"https:\\\/\\\/tirelli.net\\\/wp-content\\\/uploads\\\/2024\\\/09\\\/tirelli-img-option-upgrades.webp\",\"datePublished\":\"2024-08-06T14:37:04+00:00\",\"dateModified\":\"2025-01-21T11:42:09+00:00\",\"description\":\"TIRELLI propose des adaptations personnalis\u00e9es pour les machines, am\u00e9liorant l'efficacit\u00e9 et la s\u00e9curit\u00e9 tout en modernisant les technologies.\",\"breadcrumb\":{\"@id\":\"https:\\\/\\\/tirelli.net\\\/fr\\\/options-et-mise-a-niveau\\\/#breadcrumb\"},\"inLanguage\":\"fr-FR\",\"potentialAction\":[{\"@type\":\"ReadAction\",\"target\":[\"https:\\\/\\\/tirelli.net\\\/fr\\\/options-et-mise-a-niveau\\\/\"]}]},{\"@type\":\"ImageObject\",\"inLanguage\":\"fr-FR\",\"@id\":\"https:\\\/\\\/tirelli.net\\\/fr\\\/options-et-mise-a-niveau\\\/#primaryimage\",\"url\":\"https:\\\/\\\/tirelli.net\\\/wp-content\\\/uploads\\\/2024\\\/09\\\/tirelli-img-option-upgrades.webp\",\"contentUrl\":\"https:\\\/\\\/tirelli.net\\\/wp-content\\\/uploads\\\/2024\\\/09\\\/tirelli-img-option-upgrades.webp\",\"width\":1800,\"height\":1013,\"caption\":\"Blowing and Rinsing Machines\"},{\"@type\":\"BreadcrumbList\",\"@id\":\"https:\\\/\\\/tirelli.net\\\/fr\\\/options-et-mise-a-niveau\\\/#breadcrumb\",\"itemListElement\":[{\"@type\":\"ListItem\",\"position\":1,\"name\":\"Home\",\"item\":\"https:\\\/\\\/tirelli.net\\\/fr\\\/\"},{\"@type\":\"ListItem\",\"position\":2,\"name\":\"Options et mise \u00e0 niveau\"}]},{\"@type\":\"WebSite\",\"@id\":\"https:\\\/\\\/tirelli.net\\\/fr\\\/#website\",\"url\":\"https:\\\/\\\/tirelli.net\\\/fr\\\/\",\"name\":\"TIRELLI\",\"description\":\"Cosmetic and personal care packaging equipment specialist\",\"publisher\":{\"@id\":\"https:\\\/\\\/tirelli.net\\\/fr\\\/#organization\"},\"potentialAction\":[{\"@type\":\"SearchAction\",\"target\":{\"@type\":\"EntryPoint\",\"urlTemplate\":\"https:\\\/\\\/tirelli.net\\\/fr\\\/?s={search_term_string}\"},\"query-input\":{\"@type\":\"PropertyValueSpecification\",\"valueRequired\":true,\"valueName\":\"search_term_string\"}}],\"inLanguage\":\"fr-FR\"},{\"@type\":\"Organization\",\"@id\":\"https:\\\/\\\/tirelli.net\\\/fr\\\/#organization\",\"name\":\"TIRELLI\",\"alternateName\":\"Customised Packaging Lines\",\"url\":\"https:\\\/\\\/tirelli.net\\\/fr\\\/\",\"logo\":{\"@type\":\"ImageObject\",\"inLanguage\":\"fr-FR\",\"@id\":\"https:\\\/\\\/tirelli.net\\\/fr\\\/#\\\/schema\\\/logo\\\/image\\\/\",\"url\":\"https:\\\/\\\/tirelli.net\\\/wp-content\\\/uploads\\\/2024\\\/07\\\/favicon.png\",\"contentUrl\":\"https:\\\/\\\/tirelli.net\\\/wp-content\\\/uploads\\\/2024\\\/07\\\/favicon.png\",\"width\":512,\"height\":512,\"caption\":\"TIRELLI\"},\"image\":{\"@id\":\"https:\\\/\\\/tirelli.net\\\/fr\\\/#\\\/schema\\\/logo\\\/image\\\/\"}}]}<\/script>\n<!-- \/ Yoast SEO plugin. -->","yoast_head_json":{"title":"Adaptations et personnalisation des machines TIRELLI","description":"TIRELLI propose des adaptations personnalis\u00e9es pour les machines, am\u00e9liorant l'efficacit\u00e9 et la s\u00e9curit\u00e9 tout en modernisant les technologies.","robots":{"index":"index","follow":"follow","max-snippet":"max-snippet:-1","max-image-preview":"max-image-preview:large","max-video-preview":"max-video-preview:-1"},"canonical":"https:\/\/tirelli.net\/fr\/options-et-mise-a-niveau\/","og_locale":"fr_FR","og_type":"article","og_title":"Adaptations et personnalisation des machines TIRELLI","og_description":"TIRELLI propose des adaptations personnalis\u00e9es pour les machines, am\u00e9liorant l'efficacit\u00e9 et la s\u00e9curit\u00e9 tout en modernisant les technologies.","og_url":"https:\/\/tirelli.net\/fr\/options-et-mise-a-niveau\/","og_site_name":"TIRELLI","article_modified_time":"2025-01-21T11:42:09+00:00","og_image":[{"width":1800,"height":1013,"url":"https:\/\/tirelli.net\/wp-content\/uploads\/2024\/09\/tirelli-img-option-upgrades.webp","type":"image\/webp"}],"twitter_card":"summary_large_image","twitter_misc":{"Dur\u00e9e de lecture estim\u00e9e":"1 minute"},"schema":{"@context":"https:\/\/schema.org","@graph":[{"@type":"WebPage","@id":"https:\/\/tirelli.net\/fr\/options-et-mise-a-niveau\/","url":"https:\/\/tirelli.net\/fr\/options-et-mise-a-niveau\/","name":"Adaptations et personnalisation des machines TIRELLI","isPartOf":{"@id":"https:\/\/tirelli.net\/fr\/#website"},"primaryImageOfPage":{"@id":"https:\/\/tirelli.net\/fr\/options-et-mise-a-niveau\/#primaryimage"},"image":{"@id":"https:\/\/tirelli.net\/fr\/options-et-mise-a-niveau\/#primaryimage"},"thumbnailUrl":"https:\/\/tirelli.net\/wp-content\/uploads\/2024\/09\/tirelli-img-option-upgrades.webp","datePublished":"2024-08-06T14:37:04+00:00","dateModified":"2025-01-21T11:42:09+00:00","description":"TIRELLI propose des adaptations personnalis\u00e9es pour les machines, am\u00e9liorant l'efficacit\u00e9 et la s\u00e9curit\u00e9 tout en modernisant les technologies.","breadcrumb":{"@id":"https:\/\/tirelli.net\/fr\/options-et-mise-a-niveau\/#breadcrumb"},"inLanguage":"fr-FR","potentialAction":[{"@type":"ReadAction","target":["https:\/\/tirelli.net\/fr\/options-et-mise-a-niveau\/"]}]},{"@type":"ImageObject","inLanguage":"fr-FR","@id":"https:\/\/tirelli.net\/fr\/options-et-mise-a-niveau\/#primaryimage","url":"https:\/\/tirelli.net\/wp-content\/uploads\/2024\/09\/tirelli-img-option-upgrades.webp","contentUrl":"https:\/\/tirelli.net\/wp-content\/uploads\/2024\/09\/tirelli-img-option-upgrades.webp","width":1800,"height":1013,"caption":"Blowing and Rinsing Machines"},{"@type":"BreadcrumbList","@id":"https:\/\/tirelli.net\/fr\/options-et-mise-a-niveau\/#breadcrumb","itemListElement":[{"@type":"ListItem","position":1,"name":"Home","item":"https:\/\/tirelli.net\/fr\/"},{"@type":"ListItem","position":2,"name":"Options et mise \u00e0 niveau"}]},{"@type":"WebSite","@id":"https:\/\/tirelli.net\/fr\/#website","url":"https:\/\/tirelli.net\/fr\/","name":"TIRELLI","description":"Cosmetic and personal care packaging equipment specialist","publisher":{"@id":"https:\/\/tirelli.net\/fr\/#organization"},"potentialAction":[{"@type":"SearchAction","target":{"@type":"EntryPoint","urlTemplate":"https:\/\/tirelli.net\/fr\/?s={search_term_string}"},"query-input":{"@type":"PropertyValueSpecification","valueRequired":true,"valueName":"search_term_string"}}],"inLanguage":"fr-FR"},{"@type":"Organization","@id":"https:\/\/tirelli.net\/fr\/#organization","name":"TIRELLI","alternateName":"Customised Packaging Lines","url":"https:\/\/tirelli.net\/fr\/","logo":{"@type":"ImageObject","inLanguage":"fr-FR","@id":"https:\/\/tirelli.net\/fr\/#\/schema\/logo\/image\/","url":"https:\/\/tirelli.net\/wp-content\/uploads\/2024\/07\/favicon.png","contentUrl":"https:\/\/tirelli.net\/wp-content\/uploads\/2024\/07\/favicon.png","width":512,"height":512,"caption":"TIRELLI"},"image":{"@id":"https:\/\/tirelli.net\/fr\/#\/schema\/logo\/image\/"}}]}},"_links":{"self":[{"href":"https:\/\/tirelli.net\/fr\/wp-json\/wp\/v2\/pages\/3931","targetHints":{"allow":["GET"]}}],"collection":[{"href":"https:\/\/tirelli.net\/fr\/wp-json\/wp\/v2\/pages"}],"about":[{"href":"https:\/\/tirelli.net\/fr\/wp-json\/wp\/v2\/types\/page"}],"author":[{"embeddable":true,"href":"https:\/\/tirelli.net\/fr\/wp-json\/wp\/v2\/users\/1"}],"replies":[{"embeddable":true,"href":"https:\/\/tirelli.net\/fr\/wp-json\/wp\/v2\/comments?post=3931"}],"version-history":[{"count":3,"href":"https:\/\/tirelli.net\/fr\/wp-json\/wp\/v2\/pages\/3931\/revisions"}],"predecessor-version":[{"id":4709,"href":"https:\/\/tirelli.net\/fr\/wp-json\/wp\/v2\/pages\/3931\/revisions\/4709"}],"wp:featuredmedia":[{"embeddable":true,"href":"https:\/\/tirelli.net\/fr\/wp-json\/wp\/v2\/media\/3932"}],"wp:attachment":[{"href":"https:\/\/tirelli.net\/fr\/wp-json\/wp\/v2\/media?parent=3931"}],"curies":[{"name":"wp","href":"https:\/\/api.w.org\/{rel}","templated":true}]}}