{"id":3934,"date":"2024-08-06T16:37:43","date_gmt":"2024-08-06T14:37:43","guid":{"rendered":"https:\/\/tirelli.net\/revamping-des-machines\/"},"modified":"2025-01-21T12:45:20","modified_gmt":"2025-01-21T11:45:20","slug":"revamping-des-machines","status":"publish","type":"page","link":"https:\/\/tirelli.net\/fr\/revamping-des-machines\/","title":{"rendered":"Revamping des machines"},"content":{"rendered":"\t\t<div data-elementor-type=\"wp-page\" data-elementor-id=\"3934\" class=\"elementor elementor-3934 elementor-1442\" data-elementor-post-type=\"page\">\n\t\t\t\t<div class=\"elementor-element elementor-element-672fb42 e-flex e-con-boxed e-con e-parent\" data-id=\"672fb42\" data-element_type=\"container\" data-e-type=\"container\">\n\t\t\t\t\t<div class=\"e-con-inner\">\n\t\t\t\t<div class=\"elementor-element elementor-element-131badf elementor-widget elementor-widget-text-editor\" data-id=\"131badf\" data-element_type=\"widget\" data-e-type=\"widget\" data-widget_type=\"text-editor.default\">\n\t\t\t\t<div class=\"elementor-widget-container\">\n\t\t\t\t\t\t\t\t\t<p>TIRELLI propose des services de diagnostic, de revamping (modernisation) et de retrofit (post-\u00e9quipement), des services comprenant des interventions destin\u00e9es \u00e0 prolonger la dur\u00e9e de vie utile et \u00e0 augmenter la productivit\u00e9 des machines utilis\u00e9es pour le remplissage, le bouchage et l\u2019\u00e9tiquetage.<\/p>\n<p>L\u2019entreprise <strong>s\u2019engage \u00e0 remettre en \u00e9tat et \u00e0 moderniser les \u00e9quipements<\/strong>, \u00e0 prolonger leur dur\u00e9e de vie et \u00e0 garantir leur conformit\u00e9 aux r\u00e9glementations en vigueur.<\/p>\n\t\t\t\t\t\t\t\t<\/div>\n\t\t\t\t<\/div>\n\t\t\t\t\t<\/div>\n\t\t\t\t<\/div>\n\t\t<div class=\"elementor-element elementor-element-1761f50 e-flex e-con-boxed e-con e-parent\" data-id=\"1761f50\" data-element_type=\"container\" data-e-type=\"container\">\n\t\t\t\t\t<div class=\"e-con-inner\">\n\t\t<div class=\"elementor-element elementor-element-b774d2e e-con-full e-flex elementor-invisible e-con e-child\" data-id=\"b774d2e\" data-element_type=\"container\" data-e-type=\"container\" data-settings=\"{&quot;background_background&quot;:&quot;classic&quot;,&quot;animation&quot;:&quot;fadeInUp&quot;}\">\n\t\t\t\t<div class=\"elementor-element elementor-element-ce1711f elementor-widget elementor-widget-heading\" data-id=\"ce1711f\" data-element_type=\"widget\" data-e-type=\"widget\" data-widget_type=\"heading.default\">\n\t\t\t\t<div class=\"elementor-widget-container\">\n\t\t\t\t\t<h2 class=\"elementor-heading-title elementor-size-default\">AUDIT<\/h2>\t\t\t\t<\/div>\n\t\t\t\t<\/div>\n\t\t\t\t<div class=\"elementor-element elementor-element-dd4544b elementor-widget elementor-widget-text-editor\" data-id=\"dd4544b\" data-element_type=\"widget\" data-e-type=\"widget\" data-widget_type=\"text-editor.default\">\n\t\t\t\t<div class=\"elementor-widget-container\">\n\t\t\t\t\t\t\t\t\t<p><strong>Des audits sur site sont propos\u00e9s pour \u00e9valuer l\u2019\u00e9tat de la machine et identifier d\u2019\u00e9ventuels probl\u00e8mes<\/strong>, afin de pr\u00e9venir de possibles pannes. Un contr\u00f4le complet de la machine est effectu\u00e9 et un rapport d\u00e9taill\u00e9 est \u00e9tabli, avec des recommandations sur les mesures \u00e0 prendre.<\/p>\n\t\t\t\t\t\t\t\t<\/div>\n\t\t\t\t<\/div>\n\t\t\t\t<\/div>\n\t\t<div class=\"elementor-element elementor-element-d83f3f0 e-con-full e-flex elementor-invisible e-con e-child\" data-id=\"d83f3f0\" data-element_type=\"container\" data-e-type=\"container\" data-settings=\"{&quot;background_background&quot;:&quot;classic&quot;,&quot;animation&quot;:&quot;fadeInUp&quot;}\">\n\t\t\t\t<div class=\"elementor-element elementor-element-29c02db elementor-widget elementor-widget-heading\" data-id=\"29c02db\" data-element_type=\"widget\" data-e-type=\"widget\" data-widget_type=\"heading.default\">\n\t\t\t\t<div class=\"elementor-widget-container\">\n\t\t\t\t\t<h2 class=\"elementor-heading-title elementor-size-default\">REVAMPING ET RETROFIT<\/h2>\t\t\t\t<\/div>\n\t\t\t\t<\/div>\n\t\t\t\t<div class=\"elementor-element elementor-element-a8cd82b elementor-widget elementor-widget-text-editor\" data-id=\"a8cd82b\" data-element_type=\"widget\" data-e-type=\"widget\" data-widget_type=\"text-editor.default\">\n\t\t\t\t<div class=\"elementor-widget-container\">\n\t\t\t\t\t\t\t\t\t<p>Les interventions de revamping et de retrofit consistent \u00e0 remplacer les composants \u00e9lectroniques et m\u00e9caniques qui peuvent devenir obsol\u00e8tes au fil des ans. Cela permet non seulement de r\u00e9tablir les performances de la machine, mais aussi de les am\u00e9liorer pour les ramener \u00e0 leur niveau d\u2019origine.<\/p>\n<p>Le revamping comprend une s\u00e9rie d\u2019interventions fondamentales pour la r\u00e9vision m\u00e9canique compl\u00e8te de la machine, y compris le d\u00e9montage, le nettoyage, les inspections et le remplacement des composants us\u00e9s par des pi\u00e8ces neuves.<\/p>\n\t\t\t\t\t\t\t\t<\/div>\n\t\t\t\t<\/div>\n\t\t\t\t<\/div>\n\t\t\t\t\t<\/div>\n\t\t\t\t<\/div>\n\t\t\t\t<\/div>\n\t\t","protected":false},"excerpt":{"rendered":"<p>TIRELLI propose des services de diagnostic, de revamping (modernisation) et de retrofit (post-\u00e9quipement), des services comprenant des interventions destin\u00e9es \u00e0 prolonger la dur\u00e9e de vie utile et \u00e0 augmenter la productivit\u00e9 des machines utilis\u00e9es pour le remplissage, le bouchage et l\u2019\u00e9tiquetage. L\u2019entreprise s\u2019engage \u00e0 remettre en \u00e9tat et \u00e0 moderniser les \u00e9quipements, \u00e0 prolonger leur [&hellip;]<\/p>\n","protected":false},"author":1,"featured_media":3935,"parent":0,"menu_order":0,"comment_status":"closed","ping_status":"closed","template":"","meta":{"_acf_changed":false,"footnotes":""},"class_list":["post-3934","page","type-page","status-publish","has-post-thumbnail","hentry"],"acf":[],"yoast_head":"<!-- This site is optimized with the Yoast SEO plugin v27.4 - https:\/\/yoast.com\/product\/yoast-seo-wordpress\/ -->\n<title>Services de diagnostic, retrofitting et revamping TIRELLI<\/title>\n<meta name=\"description\" content=\"Services de diagnostic, retrofitting et revamping pour prolonger le cycle de vie et augmenter la productivit\u00e9 des machines de remplissage et d&#039;\u00e9tiquetage.\" \/>\n<meta name=\"robots\" content=\"index, follow, max-snippet:-1, max-image-preview:large, max-video-preview:-1\" \/>\n<link rel=\"canonical\" href=\"https:\/\/tirelli.net\/fr\/revamping-des-machines\/\" \/>\n<meta property=\"og:locale\" content=\"fr_FR\" \/>\n<meta property=\"og:type\" content=\"article\" \/>\n<meta property=\"og:title\" content=\"Services de diagnostic, retrofitting et revamping TIRELLI\" \/>\n<meta property=\"og:description\" content=\"Services de diagnostic, retrofitting et revamping pour prolonger le cycle de vie et augmenter la productivit\u00e9 des machines de remplissage et d&#039;\u00e9tiquetage.\" \/>\n<meta property=\"og:url\" content=\"https:\/\/tirelli.net\/fr\/revamping-des-machines\/\" \/>\n<meta property=\"og:site_name\" content=\"TIRELLI\" \/>\n<meta property=\"article:modified_time\" content=\"2025-01-21T11:45:20+00:00\" \/>\n<meta property=\"og:image\" content=\"https:\/\/tirelli.net\/wp-content\/uploads\/2024\/08\/monoblocco-sigma-dettagli-2.webp\" \/>\n\t<meta property=\"og:image:width\" content=\"1920\" \/>\n\t<meta property=\"og:image:height\" content=\"1080\" \/>\n\t<meta property=\"og:image:type\" content=\"image\/webp\" \/>\n<meta name=\"twitter:card\" content=\"summary_large_image\" \/>\n<meta name=\"twitter:label1\" content=\"Dur\u00e9e de lecture estim\u00e9e\" \/>\n\t<meta name=\"twitter:data1\" content=\"1 minute\" \/>\n<script type=\"application\/ld+json\" class=\"yoast-schema-graph\">{\"@context\":\"https:\\\/\\\/schema.org\",\"@graph\":[{\"@type\":\"WebPage\",\"@id\":\"https:\\\/\\\/tirelli.net\\\/fr\\\/revamping-des-machines\\\/\",\"url\":\"https:\\\/\\\/tirelli.net\\\/fr\\\/revamping-des-machines\\\/\",\"name\":\"Services de diagnostic, retrofitting et revamping TIRELLI\",\"isPartOf\":{\"@id\":\"https:\\\/\\\/tirelli.net\\\/fr\\\/#website\"},\"primaryImageOfPage\":{\"@id\":\"https:\\\/\\\/tirelli.net\\\/fr\\\/revamping-des-machines\\\/#primaryimage\"},\"image\":{\"@id\":\"https:\\\/\\\/tirelli.net\\\/fr\\\/revamping-des-machines\\\/#primaryimage\"},\"thumbnailUrl\":\"https:\\\/\\\/tirelli.net\\\/wp-content\\\/uploads\\\/2024\\\/08\\\/monoblocco-sigma-dettagli-2.webp\",\"datePublished\":\"2024-08-06T14:37:43+00:00\",\"dateModified\":\"2025-01-21T11:45:20+00:00\",\"description\":\"Services de diagnostic, retrofitting et revamping pour prolonger le cycle de vie et augmenter la productivit\u00e9 des machines de remplissage et d'\u00e9tiquetage.\",\"breadcrumb\":{\"@id\":\"https:\\\/\\\/tirelli.net\\\/fr\\\/revamping-des-machines\\\/#breadcrumb\"},\"inLanguage\":\"fr-FR\",\"potentialAction\":[{\"@type\":\"ReadAction\",\"target\":[\"https:\\\/\\\/tirelli.net\\\/fr\\\/revamping-des-machines\\\/\"]}]},{\"@type\":\"ImageObject\",\"inLanguage\":\"fr-FR\",\"@id\":\"https:\\\/\\\/tirelli.net\\\/fr\\\/revamping-des-machines\\\/#primaryimage\",\"url\":\"https:\\\/\\\/tirelli.net\\\/wp-content\\\/uploads\\\/2024\\\/08\\\/monoblocco-sigma-dettagli-2.webp\",\"contentUrl\":\"https:\\\/\\\/tirelli.net\\\/wp-content\\\/uploads\\\/2024\\\/08\\\/monoblocco-sigma-dettagli-2.webp\",\"width\":1920,\"height\":1080,\"caption\":\"Monoblocco Sigma dettaglio\"},{\"@type\":\"BreadcrumbList\",\"@id\":\"https:\\\/\\\/tirelli.net\\\/fr\\\/revamping-des-machines\\\/#breadcrumb\",\"itemListElement\":[{\"@type\":\"ListItem\",\"position\":1,\"name\":\"Home\",\"item\":\"https:\\\/\\\/tirelli.net\\\/fr\\\/\"},{\"@type\":\"ListItem\",\"position\":2,\"name\":\"Revamping des machines\"}]},{\"@type\":\"WebSite\",\"@id\":\"https:\\\/\\\/tirelli.net\\\/fr\\\/#website\",\"url\":\"https:\\\/\\\/tirelli.net\\\/fr\\\/\",\"name\":\"TIRELLI\",\"description\":\"Cosmetic and personal care packaging equipment specialist\",\"publisher\":{\"@id\":\"https:\\\/\\\/tirelli.net\\\/fr\\\/#organization\"},\"potentialAction\":[{\"@type\":\"SearchAction\",\"target\":{\"@type\":\"EntryPoint\",\"urlTemplate\":\"https:\\\/\\\/tirelli.net\\\/fr\\\/?s={search_term_string}\"},\"query-input\":{\"@type\":\"PropertyValueSpecification\",\"valueRequired\":true,\"valueName\":\"search_term_string\"}}],\"inLanguage\":\"fr-FR\"},{\"@type\":\"Organization\",\"@id\":\"https:\\\/\\\/tirelli.net\\\/fr\\\/#organization\",\"name\":\"TIRELLI\",\"alternateName\":\"Customised Packaging Lines\",\"url\":\"https:\\\/\\\/tirelli.net\\\/fr\\\/\",\"logo\":{\"@type\":\"ImageObject\",\"inLanguage\":\"fr-FR\",\"@id\":\"https:\\\/\\\/tirelli.net\\\/fr\\\/#\\\/schema\\\/logo\\\/image\\\/\",\"url\":\"https:\\\/\\\/tirelli.net\\\/wp-content\\\/uploads\\\/2024\\\/07\\\/favicon.png\",\"contentUrl\":\"https:\\\/\\\/tirelli.net\\\/wp-content\\\/uploads\\\/2024\\\/07\\\/favicon.png\",\"width\":512,\"height\":512,\"caption\":\"TIRELLI\"},\"image\":{\"@id\":\"https:\\\/\\\/tirelli.net\\\/fr\\\/#\\\/schema\\\/logo\\\/image\\\/\"}}]}<\/script>\n<!-- \/ Yoast SEO plugin. -->","yoast_head_json":{"title":"Services de diagnostic, retrofitting et revamping TIRELLI","description":"Services de diagnostic, retrofitting et revamping pour prolonger le cycle de vie et augmenter la productivit\u00e9 des machines de remplissage et d'\u00e9tiquetage.","robots":{"index":"index","follow":"follow","max-snippet":"max-snippet:-1","max-image-preview":"max-image-preview:large","max-video-preview":"max-video-preview:-1"},"canonical":"https:\/\/tirelli.net\/fr\/revamping-des-machines\/","og_locale":"fr_FR","og_type":"article","og_title":"Services de diagnostic, retrofitting et revamping TIRELLI","og_description":"Services de diagnostic, retrofitting et revamping pour prolonger le cycle de vie et augmenter la productivit\u00e9 des machines de remplissage et d'\u00e9tiquetage.","og_url":"https:\/\/tirelli.net\/fr\/revamping-des-machines\/","og_site_name":"TIRELLI","article_modified_time":"2025-01-21T11:45:20+00:00","og_image":[{"width":1920,"height":1080,"url":"https:\/\/tirelli.net\/wp-content\/uploads\/2024\/08\/monoblocco-sigma-dettagli-2.webp","type":"image\/webp"}],"twitter_card":"summary_large_image","twitter_misc":{"Dur\u00e9e de lecture estim\u00e9e":"1 minute"},"schema":{"@context":"https:\/\/schema.org","@graph":[{"@type":"WebPage","@id":"https:\/\/tirelli.net\/fr\/revamping-des-machines\/","url":"https:\/\/tirelli.net\/fr\/revamping-des-machines\/","name":"Services de diagnostic, retrofitting et revamping TIRELLI","isPartOf":{"@id":"https:\/\/tirelli.net\/fr\/#website"},"primaryImageOfPage":{"@id":"https:\/\/tirelli.net\/fr\/revamping-des-machines\/#primaryimage"},"image":{"@id":"https:\/\/tirelli.net\/fr\/revamping-des-machines\/#primaryimage"},"thumbnailUrl":"https:\/\/tirelli.net\/wp-content\/uploads\/2024\/08\/monoblocco-sigma-dettagli-2.webp","datePublished":"2024-08-06T14:37:43+00:00","dateModified":"2025-01-21T11:45:20+00:00","description":"Services de diagnostic, retrofitting et revamping pour prolonger le cycle de vie et augmenter la productivit\u00e9 des machines de remplissage et d'\u00e9tiquetage.","breadcrumb":{"@id":"https:\/\/tirelli.net\/fr\/revamping-des-machines\/#breadcrumb"},"inLanguage":"fr-FR","potentialAction":[{"@type":"ReadAction","target":["https:\/\/tirelli.net\/fr\/revamping-des-machines\/"]}]},{"@type":"ImageObject","inLanguage":"fr-FR","@id":"https:\/\/tirelli.net\/fr\/revamping-des-machines\/#primaryimage","url":"https:\/\/tirelli.net\/wp-content\/uploads\/2024\/08\/monoblocco-sigma-dettagli-2.webp","contentUrl":"https:\/\/tirelli.net\/wp-content\/uploads\/2024\/08\/monoblocco-sigma-dettagli-2.webp","width":1920,"height":1080,"caption":"Monoblocco Sigma dettaglio"},{"@type":"BreadcrumbList","@id":"https:\/\/tirelli.net\/fr\/revamping-des-machines\/#breadcrumb","itemListElement":[{"@type":"ListItem","position":1,"name":"Home","item":"https:\/\/tirelli.net\/fr\/"},{"@type":"ListItem","position":2,"name":"Revamping des machines"}]},{"@type":"WebSite","@id":"https:\/\/tirelli.net\/fr\/#website","url":"https:\/\/tirelli.net\/fr\/","name":"TIRELLI","description":"Cosmetic and personal care packaging equipment specialist","publisher":{"@id":"https:\/\/tirelli.net\/fr\/#organization"},"potentialAction":[{"@type":"SearchAction","target":{"@type":"EntryPoint","urlTemplate":"https:\/\/tirelli.net\/fr\/?s={search_term_string}"},"query-input":{"@type":"PropertyValueSpecification","valueRequired":true,"valueName":"search_term_string"}}],"inLanguage":"fr-FR"},{"@type":"Organization","@id":"https:\/\/tirelli.net\/fr\/#organization","name":"TIRELLI","alternateName":"Customised Packaging Lines","url":"https:\/\/tirelli.net\/fr\/","logo":{"@type":"ImageObject","inLanguage":"fr-FR","@id":"https:\/\/tirelli.net\/fr\/#\/schema\/logo\/image\/","url":"https:\/\/tirelli.net\/wp-content\/uploads\/2024\/07\/favicon.png","contentUrl":"https:\/\/tirelli.net\/wp-content\/uploads\/2024\/07\/favicon.png","width":512,"height":512,"caption":"TIRELLI"},"image":{"@id":"https:\/\/tirelli.net\/fr\/#\/schema\/logo\/image\/"}}]}},"_links":{"self":[{"href":"https:\/\/tirelli.net\/fr\/wp-json\/wp\/v2\/pages\/3934","targetHints":{"allow":["GET"]}}],"collection":[{"href":"https:\/\/tirelli.net\/fr\/wp-json\/wp\/v2\/pages"}],"about":[{"href":"https:\/\/tirelli.net\/fr\/wp-json\/wp\/v2\/types\/page"}],"author":[{"embeddable":true,"href":"https:\/\/tirelli.net\/fr\/wp-json\/wp\/v2\/users\/1"}],"replies":[{"embeddable":true,"href":"https:\/\/tirelli.net\/fr\/wp-json\/wp\/v2\/comments?post=3934"}],"version-history":[{"count":1,"href":"https:\/\/tirelli.net\/fr\/wp-json\/wp\/v2\/pages\/3934\/revisions"}],"predecessor-version":[{"id":3936,"href":"https:\/\/tirelli.net\/fr\/wp-json\/wp\/v2\/pages\/3934\/revisions\/3936"}],"wp:featuredmedia":[{"embeddable":true,"href":"https:\/\/tirelli.net\/fr\/wp-json\/wp\/v2\/media\/3935"}],"wp:attachment":[{"href":"https:\/\/tirelli.net\/fr\/wp-json\/wp\/v2\/media?parent=3934"}],"curies":[{"name":"wp","href":"https:\/\/api.w.org\/{rel}","templated":true}]}}